{"id":2910,"date":"2016-05-12T19:02:05","date_gmt":"2016-05-12T19:02:05","guid":{"rendered":"http:\/\/www.kg-schleppschlepphurra.koeln\/?page_id=2910"},"modified":"2026-02-15T17:10:21","modified_gmt":"2026-02-15T16:10:21","slug":"die-termine","status":"publish","type":"page","link":"https:\/\/kg-schleppschlepphurra.de\/?page_id=2910","title":{"rendered":"Schlepper-Sitzung 2027"},"content":{"rendered":"\n<p><\/p>\n\n\n<div class=\"wp-block-image\">\n<figure class=\"aligncenter size-full\"><img loading=\"lazy\" decoding=\"async\" width=\"100\" height=\"76\" src=\"https:\/\/kg-schleppschlepphurra.de\/wp-content\/uploads\/2019\/10\/D1A5ECF7-642B-4A5D-85F6-AB33AF578766-e1572517074317.jpeg\" alt=\"\" class=\"wp-image-3094\"\/><\/figure>\n<\/div>\n\n\n<p class=\"has-text-align-center\" style=\"font-size:22px\">Am 25.01.2027 sind wir wieder mit unserer legend\u00e4ren Schlepper-Veranstaltung im Dom im Stapelhaus.<\/p>\n\n\n\n<figure class=\"wp-block-image size-large\"><img loading=\"lazy\" decoding=\"async\" width=\"1024\" height=\"398\" src=\"https:\/\/kg-schleppschlepphurra.de\/wp-content\/uploads\/2026\/02\/IMG_3217-1-1024x398.jpeg\" alt=\"\" class=\"wp-image-5696\" srcset=\"https:\/\/kg-schleppschlepphurra.de\/wp-content\/uploads\/2026\/02\/IMG_3217-1-1024x398.jpeg 1024w, https:\/\/kg-schleppschlepphurra.de\/wp-content\/uploads\/2026\/02\/IMG_3217-1-800x311.jpeg 800w, https:\/\/kg-schleppschlepphurra.de\/wp-content\/uploads\/2026\/02\/IMG_3217-1-1536x596.jpeg 1536w, https:\/\/kg-schleppschlepphurra.de\/wp-content\/uploads\/2026\/02\/IMG_3217-1-2048x795.jpeg 2048w\" sizes=\"auto, (max-width: 767px) 89vw, (max-width: 1000px) 54vw, (max-width: 1071px) 543px, 580px\" \/><\/figure>\n\n\n\n<p class=\"has-text-align-center\" style=\"font-size:22px\">Zum 13. Mal hei\u00dft es wieder \u201eMondachs han mer frei\u201c mit einem tollen Programm. Sichert Euch den Termin!<br \/><br \/>Der Online-Vorverkauf startet im Sommer 2026. Wir halten Euch auf dem Laufenden.<\/p>\n\n\n<div class=\"wp-block-image\">\n<figure class=\"aligncenter size-full\"><img loading=\"lazy\" decoding=\"async\" width=\"100\" height=\"76\" src=\"https:\/\/kg-schleppschlepphurra.de\/wp-content\/uploads\/2019\/10\/D1A5ECF7-642B-4A5D-85F6-AB33AF578766-e1572517074317.jpeg\" alt=\"\" class=\"wp-image-3094\"\/><\/figure>\n<\/div>\n\n\n<p><\/p>\n\n\n\n<p class=\"has-text-align-center\" style=\"font-size:22px\">Der Eintritt und der Erl\u00f6s gehen wie immer an<br \/><a href=\"https:\/\/www.himmelunaeaed.de\/\"><strong><span style=\"text-decoration: underline;\"><mark style=\"background-color:rgba(0, 0, 0, 0)\" class=\"has-inline-color has-vivid-red-color\">Himmel un \u00c4\u00e4d e.V.<\/mark><\/span><\/strong><\/a> und <a href=\"https:\/\/traube-koeln.de\/\" target=\"_blank\" rel=\"noreferrer noopener\"><span style=\"text-decoration: underline;\"><strong><mark style=\"background-color:rgba(0, 0, 0, 0)\" class=\"has-inline-color has-vivid-red-color\">TrauBE Trauerbegleitung K\u00f6ln e.V.<\/mark><\/strong><\/span><\/a>.<\/p>\n\n\n<div class=\"wp-block-image\">\n<figure class=\"aligncenter size-full\"><img loading=\"lazy\" decoding=\"async\" width=\"100\" height=\"76\" src=\"https:\/\/kg-schleppschlepphurra.de\/wp-content\/uploads\/2019\/10\/D1A5ECF7-642B-4A5D-85F6-AB33AF578766-e1572517074317.jpeg\" alt=\"\" class=\"wp-image-3094\"\/><\/figure>\n<\/div>\n\n\n<p class=\"has-text-align-center\" style=\"font-size:22px\"><\/p>\n","protected":false},"excerpt":{"rendered":"<p>Am 25.01.2027 sind wir wieder mit unserer legend\u00e4ren Schlepper-Veranstaltung im Dom im Stapelhaus. Zum 13. Mal hei\u00dft es wieder \u201eMondachs han mer frei\u201c mit einem tollen Programm. Sichert Euch den Termin! Der Online-Vorverkauf startet im Sommer 2026. Wir halten Euch auf dem Laufenden. Der Eintritt und der Erl\u00f6s gehen wie immer anHimmel un \u00c4\u00e4d e.V. &hellip; <\/p>\n<p class=\"link-more\"><a href=\"https:\/\/kg-schleppschlepphurra.de\/?page_id=2910\" class=\"more-link\"><span class=\"screen-reader-text\">\u201eSchlepper-Sitzung 2027\u201c<\/span> weiterlesen<\/a><\/p>\n","protected":false},"author":6,"featured_media":0,"parent":0,"menu_order":0,"comment_status":"closed","ping_status":"closed","template":"","meta":{"ngg_post_thumbnail":0,"footnotes":""},"class_list":["post-2910","page","type-page","status-publish","hentry"],"_links":{"self":[{"href":"https:\/\/kg-schleppschlepphurra.de\/index.php?rest_route=\/wp\/v2\/pages\/2910","targetHints":{"allow":["GET"]}}],"collection":[{"href":"https:\/\/kg-schleppschlepphurra.de\/index.php?rest_route=\/wp\/v2\/pages"}],"about":[{"href":"https:\/\/kg-schleppschlepphurra.de\/index.php?rest_route=\/wp\/v2\/types\/page"}],"author":[{"embeddable":true,"href":"https:\/\/kg-schleppschlepphurra.de\/index.php?rest_route=\/wp\/v2\/users\/6"}],"replies":[{"embeddable":true,"href":"https:\/\/kg-schleppschlepphurra.de\/index.php?rest_route=%2Fwp%2Fv2%2Fcomments&post=2910"}],"version-history":[{"count":59,"href":"https:\/\/kg-schleppschlepphurra.de\/index.php?rest_route=\/wp\/v2\/pages\/2910\/revisions"}],"predecessor-version":[{"id":5699,"href":"https:\/\/kg-schleppschlepphurra.de\/index.php?rest_route=\/wp\/v2\/pages\/2910\/revisions\/5699"}],"wp:attachment":[{"href":"https:\/\/kg-schleppschlepphurra.de\/index.php?rest_route=%2Fwp%2Fv2%2Fmedia&parent=2910"}],"curies":[{"name":"wp","href":"https:\/\/api.w.org\/{rel}","templated":true}]}}