{"id":2962,"date":"2016-06-13T16:25:00","date_gmt":"2016-06-13T16:25:00","guid":{"rendered":"http:\/\/www.kg-schleppschlepphurra.koeln\/?page_id=2962"},"modified":"2025-07-19T20:19:18","modified_gmt":"2025-07-19T19:19:18","slug":"crew-wat-is-dat-dann","status":"publish","type":"page","link":"https:\/\/kg-schleppschlepphurra.de\/?page_id=2962","title":{"rendered":"&#8222;CREW&#8220; WAT IS DAT DANN???"},"content":{"rendered":"<section id=\"block-duden-tiles-1\" class=\"block has-title\">\n<header class=\"block-title\">\n<div class=\"block-title-inner\">\n<h2>Schwarz gekleidete Jungs die \u00fcber die B\u00fchne wirbeln, Musikinstrumente von links nach rechts werfen, Stecker stecken und auch noch grimmig&nbsp; ja meist schon sehr angsteinfl\u00f6\u00dfend gucken.<\/h2>\n<p>Das ist das, was die Sitzungsg\u00e4ste und der Elferrat von uns, von der &#8222;Crew&#8220; sehen, doch es steckt viel mehr dahinter.<\/p>\n<\/div>\n<\/header>\n<p><img loading=\"lazy\" decoding=\"async\" class=\"aligncenter size-medium wp-image-2974\" src=\"https:\/\/www.kg-schleppschlepphurra.koeln\/wp-content\/uploads\/2016\/06\/anatomiecrew11-700x800.jpg\" alt=\"anatomiecrew11\" width=\"700\" height=\"800\" srcset=\"https:\/\/kg-schleppschlepphurra.de\/wp-content\/uploads\/2016\/06\/anatomiecrew11.jpg 700w, https:\/\/kg-schleppschlepphurra.de\/wp-content\/uploads\/2016\/06\/anatomiecrew11-370x423.jpg 370w, https:\/\/kg-schleppschlepphurra.de\/wp-content\/uploads\/2016\/06\/anatomiecrew11-44x50.jpg 44w\" sizes=\"auto, (max-width: 700px) 100vw, 700px\" \/><\/p>\n<header class=\"block-title\">\n<div class=\"block-title-inner\">\n<p>Der Duden beschreibt es so:<\/p>\n<h4>Bedeutungs\u00fcbersicht<\/h4>\n<\/div>\n<\/header>\n<ol class=\"entry\">\n<li id=\"b2-Bedeutung-1\">\n<ol>\n<li id=\"b2-Bedeutung-1a\"><a href=\"http:\/\/www.duden.de\/rechtschreibung\/Crew#Bedeutung1a\">Schiffsmannschaft<\/a><\/li>\n<li id=\"b2-Bedeutung-1b\"><a href=\"http:\/\/www.duden.de\/rechtschreibung\/Crew#Bedeutung1b\">Besatzung eines Flugzeugs<\/a><\/li>\n<li id=\"b2-Bedeutung-1c\"><a href=\"http:\/\/www.duden.de\/rechtschreibung\/Crew#Bedeutung1c\">(Sport) Mannschaft eines Ruderbootes<\/a><\/li>\n<\/ol>\n<\/li>\n<li id=\"b2-Bedeutung-2\"><a href=\"http:\/\/www.duden.de\/rechtschreibung\/Crew#Bedeutung2\">Kadettenjahrgang bei der Marine<\/a><\/li>\n<li id=\"b2-Bedeutung-3\"><a href=\"http:\/\/www.duden.de\/rechtschreibung\/Crew#Bedeutung3\">einem Zweck, einer bestimmten Aufgabe verpflichtete, gemeinsam auftretende Gruppe von Personen<\/a><\/li>\n<\/ol>\n<\/section>\n<section id=\"block-duden-tiles-2\" class=\"block has-title\">\n<header class=\"block-title\">\n<div class=\"block-title-inner\">\n<h4>Synonyme zu <em>Crew<\/em><\/h4>\n<\/div>\n<\/header>\n<ul class=\"entry\">\n<li><a href=\"http:\/\/www.duden.de\/rechtschreibung\/Besatzung\">Besatzung<\/a>, <a href=\"http:\/\/www.duden.de\/rechtschreibung\/Mannschaft\">Mannschaft<\/a>, <a href=\"http:\/\/www.duden.de\/rechtschreibung\/Personal\">Personal<\/a><\/li>\n<li><a href=\"http:\/\/www.duden.de\/rechtschreibung\/Gruppe_Team_Abteilung_Einheit\">Gruppe<\/a>, <a href=\"http:\/\/www.duden.de\/rechtschreibung\/Team\">Team<\/a>, <a href=\"http:\/\/www.duden.de\/rechtschreibung\/Truppe\">Truppe<\/a>; (umgangssprachlich) <a href=\"http:\/\/www.duden.de\/rechtschreibung\/Mannschaft\">Mannschaft<\/a><\/li>\n<\/ul>\n<\/section>\n<div class=\"article__item\">\n<h1 class=\"article-heading\"><span class=\"article-heading__title\" style=\"color: #ff0000;\">Die helfenden H\u00e4nde der Karnevalsstars<\/span><\/h1>\n<\/div>\n<div class=\"article__item\">\n<div class=\"summary\">Sex, Drugs und Rock &#8217;n&#8216; Roll: \u00dcber den Beruf des Roadies existieren viele Mythen. Im Arbeitsalltag ist davon jedoch wenig zu sehen.<\/div>\n<div class=\"summary\">&nbsp;<\/div>\n<div class=\"summary\">\n<p>Rauschende Aftershow-Partys, auf Du und Du mit den ganz gro\u00dfen Stars der Musikszene \u2013 viele Menschen haben eine sehr romantische Vorstellung vom Arbeitsalltag eines Roadies. Dieses Bild stimmt jedoch nur bedingt.<\/p>\n<p>&#8222;Streng genommen gibt es den Beruf des Roadies in Deutschland nicht. Bei uns wird der Beruf als Fachkraft f\u00fcr Veranstaltungstechnik bezeichnet, oft aber eben gemeinhin auch immer noch als Roadie&#8220;. Weil Roadies viel unterwegs sind, habe sich die Bezeichnung Roadie, abgeleitet vom englischen Begriff Road, also Stra\u00dfe, f\u00fcr den Beruf etabliert.<\/p>\n<p>Zu den Hauptaufgaben geh\u00f6ren der Aufbau der Technik und Instrumente der K\u00fcnstler am Veranstaltungsort einer Veranstaltung und die Betreuung der Backline. So werden Instrumente und Verst\u00e4rker der K\u00fcnstler bezeichnet. Dazu geh\u00f6rt der Auf- und Abbau der Instrumente, etwa eines Schlagzeuges sowie das Stimmen und das Anschlie\u00dfen der Gitarren und Keyboards an die elektrischen Verst\u00e4rker, das Verstauen in den Transportbeh\u00e4ltern und verladen auf Transporter.<\/p>\n<p>Die Fachkraft f\u00fcr Veranstaltungstechnik wurde in Deutschland erst Ende der 1990er Jahre zu einem offiziellen Ausbildungsberuf. Fr\u00fcher waren oft Quereinsteiger, etwa aus dem Elektrobereich oder Musiker mit Sachverstand f\u00fcr Licht- und Tonanlagen als Roadie unterwegs.<\/p>\n<\/div>\n<\/div>\n","protected":false},"excerpt":{"rendered":"<p>Schwarz gekleidete Jungs die \u00fcber die B\u00fchne wirbeln, Musikinstrumente von links nach rechts werfen, Stecker stecken und auch noch grimmig&nbsp; ja meist schon sehr angsteinfl\u00f6\u00dfend gucken. Das ist das, was die Sitzungsg\u00e4ste und der Elferrat von uns, von der &#8222;Crew&#8220; sehen, doch es steckt viel mehr dahinter. Der Duden beschreibt es so: Bedeutungs\u00fcbersicht Schiffsmannschaft Besatzung &hellip; <\/p>\n<p class=\"link-more\"><a href=\"https:\/\/kg-schleppschlepphurra.de\/?page_id=2962\" class=\"more-link\"><span class=\"screen-reader-text\">\u201e&#8222;CREW&#8220; WAT IS DAT DANN???\u201c<\/span> weiterlesen<\/a><\/p>\n","protected":false},"author":6,"featured_media":0,"parent":0,"menu_order":0,"comment_status":"closed","ping_status":"closed","template":"","meta":{"ngg_post_thumbnail":0,"footnotes":""},"class_list":["post-2962","page","type-page","status-publish","hentry"],"_links":{"self":[{"href":"https:\/\/kg-schleppschlepphurra.de\/index.php?rest_route=\/wp\/v2\/pages\/2962","targetHints":{"allow":["GET"]}}],"collection":[{"href":"https:\/\/kg-schleppschlepphurra.de\/index.php?rest_route=\/wp\/v2\/pages"}],"about":[{"href":"https:\/\/kg-schleppschlepphurra.de\/index.php?rest_route=\/wp\/v2\/types\/page"}],"author":[{"embeddable":true,"href":"https:\/\/kg-schleppschlepphurra.de\/index.php?rest_route=\/wp\/v2\/users\/6"}],"replies":[{"embeddable":true,"href":"https:\/\/kg-schleppschlepphurra.de\/index.php?rest_route=%2Fwp%2Fv2%2Fcomments&post=2962"}],"version-history":[{"count":15,"href":"https:\/\/kg-schleppschlepphurra.de\/index.php?rest_route=\/wp\/v2\/pages\/2962\/revisions"}],"predecessor-version":[{"id":5539,"href":"https:\/\/kg-schleppschlepphurra.de\/index.php?rest_route=\/wp\/v2\/pages\/2962\/revisions\/5539"}],"wp:attachment":[{"href":"https:\/\/kg-schleppschlepphurra.de\/index.php?rest_route=%2Fwp%2Fv2%2Fmedia&parent=2962"}],"curies":[{"name":"wp","href":"https:\/\/api.w.org\/{rel}","templated":true}]}}