{"id":3902,"date":"2021-11-30T11:19:39","date_gmt":"2021-11-30T10:19:39","guid":{"rendered":"https:\/\/www.kg-schleppschlepphurra.koeln\/?page_id=3902"},"modified":"2025-07-30T12:11:20","modified_gmt":"2025-07-30T11:11:20","slug":"unsere-unterstuetzer","status":"publish","type":"page","link":"https:\/\/kg-schleppschlepphurra.de\/?page_id=3902","title":{"rendered":"Unsere Unterst\u00fctzer"},"content":{"rendered":"\n<p>Was w\u00e4re die viele ehrenamtliche Arbeit ohne Unterst\u00fctzung von Unternehmen. So k\u00f6nnen wir viel mehr an Institutionen f\u00fcr die P\u00e4nz spenden. Daher ein herzliches Danke an:<\/p>\n\n\n\n<p><\/p>\n\n\n\n<p><\/p>\n\n\n<div class=\"wp-block-image\">\n<figure class=\"aligncenter\"><img loading=\"lazy\" decoding=\"async\" width=\"100\" height=\"76\" src=\"https:\/\/kg-schleppschlepphurra.de\/wp-content\/uploads\/2019\/10\/D1A5ECF7-642B-4A5D-85F6-AB33AF578766-e1572517074317.jpeg\" alt=\"\" class=\"wp-image-3094\"\/><\/figure>\n<\/div>\n\n<div class=\"wp-block-image is-resized is-style-default\">\n<figure class=\"aligncenter\"><img loading=\"lazy\" decoding=\"async\" width=\"1024\" height=\"882\" src=\"https:\/\/kg-schleppschlepphurra.de\/wp-content\/uploads\/2021\/12\/15E4C987-2214-4C89-A0B3-51632525276B-1024x882.jpeg\" alt=\"\" class=\"wp-image-3918\" srcset=\"https:\/\/kg-schleppschlepphurra.de\/wp-content\/uploads\/2021\/12\/15E4C987-2214-4C89-A0B3-51632525276B-1024x882.jpeg 1024w, https:\/\/kg-schleppschlepphurra.de\/wp-content\/uploads\/2021\/12\/15E4C987-2214-4C89-A0B3-51632525276B-800x689.jpeg 800w, https:\/\/kg-schleppschlepphurra.de\/wp-content\/uploads\/2021\/12\/15E4C987-2214-4C89-A0B3-51632525276B-50x43.jpeg 50w, https:\/\/kg-schleppschlepphurra.de\/wp-content\/uploads\/2021\/12\/15E4C987-2214-4C89-A0B3-51632525276B-370x319.jpeg 370w, https:\/\/kg-schleppschlepphurra.de\/wp-content\/uploads\/2021\/12\/15E4C987-2214-4C89-A0B3-51632525276B-1040x896.jpeg 1040w, https:\/\/kg-schleppschlepphurra.de\/wp-content\/uploads\/2021\/12\/15E4C987-2214-4C89-A0B3-51632525276B.jpeg 2025w\" sizes=\"auto, (max-width: 767px) 89vw, (max-width: 1000px) 54vw, (max-width: 1071px) 543px, 580px\" \/><\/figure>\n<\/div>\n\n\n<div class=\"wp-block-buttons has-custom-font-size has-medium-font-size is-content-justification-center is-layout-flex wp-container-core-buttons-is-layout-16018d1d wp-block-buttons-is-layout-flex\" style=\"font-style:normal;font-weight:700;text-decoration:underline\">\n<div class=\"wp-block-button\"><a class=\"wp-block-button__link wp-element-button\" href=\"https:\/\/kreativkopie.de\/\" target=\"_blank\" rel=\"noreferrer noopener\">Website KreativKopie <\/a><\/div>\n<\/div>\n\n\n\n<p><\/p>\n\n\n<div class=\"wp-block-image\">\n<figure class=\"aligncenter\"><img loading=\"lazy\" decoding=\"async\" width=\"100\" height=\"76\" src=\"https:\/\/kg-schleppschlepphurra.de\/wp-content\/uploads\/2019\/10\/D1A5ECF7-642B-4A5D-85F6-AB33AF578766-e1572517074317.jpeg\" alt=\"\" class=\"wp-image-3094\"\/><\/figure>\n<\/div>\n\n\n<figure class=\"wp-block-image size-large is-style-default\"><img loading=\"lazy\" decoding=\"async\" width=\"1024\" height=\"390\" src=\"https:\/\/kg-schleppschlepphurra.de\/wp-content\/uploads\/2024\/07\/Pro-Vision_logo-print-hd-transparent-1024x390.png\" alt=\"\" class=\"wp-image-4477\" srcset=\"https:\/\/kg-schleppschlepphurra.de\/wp-content\/uploads\/2024\/07\/Pro-Vision_logo-print-hd-transparent-1024x390.png 1024w, https:\/\/kg-schleppschlepphurra.de\/wp-content\/uploads\/2024\/07\/Pro-Vision_logo-print-hd-transparent-800x305.png 800w, https:\/\/kg-schleppschlepphurra.de\/wp-content\/uploads\/2024\/07\/Pro-Vision_logo-print-hd-transparent-1536x585.png 1536w, https:\/\/kg-schleppschlepphurra.de\/wp-content\/uploads\/2024\/07\/Pro-Vision_logo-print-hd-transparent-2048x780.png 2048w\" sizes=\"auto, (max-width: 767px) 89vw, (max-width: 1000px) 54vw, (max-width: 1071px) 543px, 580px\" \/><\/figure>\n\n\n\n<div class=\"wp-block-buttons has-custom-font-size has-medium-font-size is-content-justification-center is-layout-flex wp-container-core-buttons-is-layout-16018d1d wp-block-buttons-is-layout-flex\" style=\"font-style:normal;font-weight:700;text-decoration:underline\">\n<div class=\"wp-block-button\"><a class=\"wp-block-button__link wp-element-button\" href=\"https:\/\/provision-vt.de\/\" target=\"_blank\" rel=\"noreferrer noopener\">Website Pro Vision<\/a><\/div>\n<\/div>\n\n\n\n<p><\/p>\n\n\n<div class=\"wp-block-image is-style-default\">\n<figure class=\"aligncenter\"><img loading=\"lazy\" decoding=\"async\" width=\"100\" height=\"76\" src=\"https:\/\/kg-schleppschlepphurra.de\/wp-content\/uploads\/2019\/10\/D1A5ECF7-642B-4A5D-85F6-AB33AF578766-e1572517074317.jpeg\" alt=\"\" class=\"wp-image-3094\"\/><\/figure>\n<\/div>\n\n\n<figure class=\"wp-block-image size-large is-style-default\"><img loading=\"lazy\" decoding=\"async\" width=\"1024\" height=\"369\" src=\"https:\/\/kg-schleppschlepphurra.de\/wp-content\/uploads\/2024\/07\/Logo-kompakt-transparent-1024x369.png\" alt=\"\" class=\"wp-image-4478\" srcset=\"https:\/\/kg-schleppschlepphurra.de\/wp-content\/uploads\/2024\/07\/Logo-kompakt-transparent-1024x369.png 1024w, https:\/\/kg-schleppschlepphurra.de\/wp-content\/uploads\/2024\/07\/Logo-kompakt-transparent-800x288.png 800w, https:\/\/kg-schleppschlepphurra.de\/wp-content\/uploads\/2024\/07\/Logo-kompakt-transparent-1536x554.png 1536w, https:\/\/kg-schleppschlepphurra.de\/wp-content\/uploads\/2024\/07\/Logo-kompakt-transparent-2048x738.png 2048w\" sizes=\"auto, (max-width: 767px) 89vw, (max-width: 1000px) 54vw, (max-width: 1071px) 543px, 580px\" \/><\/figure>\n\n\n\n<div class=\"wp-block-buttons has-custom-font-size has-medium-font-size is-content-justification-center is-layout-flex wp-container-core-buttons-is-layout-16018d1d wp-block-buttons-is-layout-flex\" style=\"font-style:normal;font-weight:700;text-decoration:underline\">\n<div class=\"wp-block-button\"><a class=\"wp-block-button__link wp-element-button\" href=\"https:\/\/www.vinz-eventsolution.de\" target=\"_blank\" rel=\"noreferrer noopener\">Website VINZ Event Solution<\/a><\/div>\n<\/div>\n\n\n\n<p><\/p>\n\n\n<div class=\"wp-block-image is-style-default\">\n<figure class=\"aligncenter\"><img loading=\"lazy\" decoding=\"async\" width=\"100\" height=\"76\" src=\"https:\/\/kg-schleppschlepphurra.de\/wp-content\/uploads\/2019\/10\/D1A5ECF7-642B-4A5D-85F6-AB33AF578766-e1572517074317.jpeg\" alt=\"\" class=\"wp-image-3094\"\/><\/figure>\n<\/div>\n\n<div class=\"wp-block-image is-resized is-style-default\">\n<figure class=\"aligncenter size-large\"><img loading=\"lazy\" decoding=\"async\" width=\"1024\" height=\"1024\" src=\"https:\/\/kg-schleppschlepphurra.de\/wp-content\/uploads\/2023\/01\/399EC383-78FC-4289-BC67-B904DB456A50-1024x1024.png\" alt=\"\" class=\"wp-image-4340\" srcset=\"https:\/\/kg-schleppschlepphurra.de\/wp-content\/uploads\/2023\/01\/399EC383-78FC-4289-BC67-B904DB456A50-1024x1024.png 1024w, https:\/\/kg-schleppschlepphurra.de\/wp-content\/uploads\/2023\/01\/399EC383-78FC-4289-BC67-B904DB456A50-800x800.png 800w, https:\/\/kg-schleppschlepphurra.de\/wp-content\/uploads\/2023\/01\/399EC383-78FC-4289-BC67-B904DB456A50-150x150.png 150w, https:\/\/kg-schleppschlepphurra.de\/wp-content\/uploads\/2023\/01\/399EC383-78FC-4289-BC67-B904DB456A50-1536x1536.png 1536w, https:\/\/kg-schleppschlepphurra.de\/wp-content\/uploads\/2023\/01\/399EC383-78FC-4289-BC67-B904DB456A50-2048x2048.png 2048w, https:\/\/kg-schleppschlepphurra.de\/wp-content\/uploads\/2023\/01\/399EC383-78FC-4289-BC67-B904DB456A50-50x50.png 50w, https:\/\/kg-schleppschlepphurra.de\/wp-content\/uploads\/2023\/01\/399EC383-78FC-4289-BC67-B904DB456A50-100x100.png 100w\" sizes=\"auto, (max-width: 767px) 89vw, (max-width: 1000px) 54vw, (max-width: 1071px) 543px, 580px\" \/><\/figure>\n<\/div>\n\n\n<div class=\"wp-block-buttons has-custom-font-size has-medium-font-size is-content-justification-center is-layout-flex wp-container-core-buttons-is-layout-16018d1d wp-block-buttons-is-layout-flex\" style=\"font-style:normal;font-weight:700;text-decoration:underline\">\n<div class=\"wp-block-button\"><a class=\"wp-block-button__link wp-element-button\" href=\"https:\/\/www.ford-amian-koeln.de\/\" target=\"_blank\" rel=\"noreferrer noopener\">Website Ford Aiman<\/a><\/div>\n<\/div>\n\n\n\n<p class=\"has-text-align-center has-small-font-size\"><\/p>\n\n\n<div class=\"wp-block-image\">\n<figure class=\"aligncenter\"><img loading=\"lazy\" decoding=\"async\" width=\"100\" height=\"76\" src=\"https:\/\/kg-schleppschlepphurra.de\/wp-content\/uploads\/2019\/10\/D1A5ECF7-642B-4A5D-85F6-AB33AF578766-e1572517074317.jpeg\" alt=\"\" class=\"wp-image-3094\"\/><\/figure>\n<\/div>","protected":false},"excerpt":{"rendered":"<p>Was w\u00e4re die viele ehrenamtliche Arbeit ohne Unterst\u00fctzung von Unternehmen. So k\u00f6nnen wir viel mehr an Institutionen f\u00fcr die P\u00e4nz spenden. Daher ein herzliches Danke an:<\/p>\n","protected":false},"author":6,"featured_media":0,"parent":0,"menu_order":0,"comment_status":"closed","ping_status":"closed","template":"","meta":{"ngg_post_thumbnail":0,"footnotes":"[]"},"class_list":["post-3902","page","type-page","status-publish","hentry"],"_links":{"self":[{"href":"https:\/\/kg-schleppschlepphurra.de\/index.php?rest_route=\/wp\/v2\/pages\/3902","targetHints":{"allow":["GET"]}}],"collection":[{"href":"https:\/\/kg-schleppschlepphurra.de\/index.php?rest_route=\/wp\/v2\/pages"}],"about":[{"href":"https:\/\/kg-schleppschlepphurra.de\/index.php?rest_route=\/wp\/v2\/types\/page"}],"author":[{"embeddable":true,"href":"https:\/\/kg-schleppschlepphurra.de\/index.php?rest_route=\/wp\/v2\/users\/6"}],"replies":[{"embeddable":true,"href":"https:\/\/kg-schleppschlepphurra.de\/index.php?rest_route=%2Fwp%2Fv2%2Fcomments&post=3902"}],"version-history":[{"count":24,"href":"https:\/\/kg-schleppschlepphurra.de\/index.php?rest_route=\/wp\/v2\/pages\/3902\/revisions"}],"predecessor-version":[{"id":5628,"href":"https:\/\/kg-schleppschlepphurra.de\/index.php?rest_route=\/wp\/v2\/pages\/3902\/revisions\/5628"}],"wp:attachment":[{"href":"https:\/\/kg-schleppschlepphurra.de\/index.php?rest_route=%2Fwp%2Fv2%2Fmedia&parent=3902"}],"curies":[{"name":"wp","href":"https:\/\/api.w.org\/{rel}","templated":true}]}}