{"id":4003,"date":"2022-03-26T13:09:49","date_gmt":"2022-03-26T12:09:49","guid":{"rendered":"https:\/\/www.kg-schleppschlepphurra.koeln\/?page_id=4003"},"modified":"2025-07-19T17:23:21","modified_gmt":"2025-07-19T16:23:21","slug":"dr-verein","status":"publish","type":"page","link":"https:\/\/kg-schleppschlepphurra.de\/?page_id=4003","title":{"rendered":"D\u2019r Verein"},"content":{"rendered":"\n<h3 class=\"wp-block-heading\"><strong>Die Gr\u00fcndung der&nbsp; Karnevalsgesellschaft Schlepp Schlepp Hurra 2012 e.V.<\/strong><\/h3>\n\n\n\n<p>Im Januar 2012 kamen einige Techniker w\u00e4hrend der Hetzerei von Saal zu Saal auf folgende Idee: Warum sollte man sich nicht au\u00dferhalb der Session, an stressfreien Tagen, wo man nicht nur die Zeit zum \u201cHallo\u201d und \u201cTsch\u00fc\u00df\u201d sagen hat, mit den Techniker, Roadies und Fahrerkollegen zu einem Stammtisch treffen?<\/p>\n\n\n\n<p>Dort kann man sich austauschen, Problematiken besprechen und zusammen Spa\u00df haben.<\/p>\n\n\n\n<p>Aus der Ursprungsidee \u201cStammtisch\u201d wurde dann aufgrund der Aktivit\u00e4ten in Facebook, nach der Session 2011\/ 2012, eine erste inoffizielle Versammlung im Dom im Stapelhaus. Auf dieser von 23 Roadies, Technikern und Fahrern besuchten Veranstaltung wurde dann auch schnell klar, in welche Richtung es gehen sollte.<\/p>\n\n\n\n<p>So waren sich alle Anwesenden dar\u00fcber einig, au\u00dferhalb der Session (man hat ja in der Session keine Zeit) eine Veranstaltung zu planen. Die Einnahmen sollen nach der Kostendeckung zu 100% Einrichtungen wie \u201cHimmel un \u00c4\u00e4d\u201d (f\u00f6r Kindersielcher en Nut) oder \u201cDat K\u00f6lsche H\u00e4tz\u201d zugute kommen.<\/p>\n\n\n\n<p>Auch ein Name war schnell gefunden, so hatten doch die Ideengeber sich die ganze Session mit einem fr\u00f6hlichen \u201cSchlepp Schlepp Hurra\u201d begr\u00fc\u00dft. Dieser Name gefiel den 23 Gr\u00fcndungsmitgliedern so gut, dass man sich darauf einigte in Zukunft den Gesellschaftsnamen \u201cKarnevalsgesellschaft Schlepp Schlepp Hurra e.V.\u201d im Vereinsregister einzutragen. Des Weiteren wurde dann auch der Vorstand gew\u00e4hlt und alles Weitere \u201cIn trockene T\u00fccher gebracht\u201d.<\/p>\n\n\n\n<p>Seit M\u00e4rz 2012 ist nun der K\u00f6lner Karneval um eine junge Karnevalsgesellschaft, mit vielen \u201cTatendrangfreudigen\u201d Mitgliedern aus dem aktiven (hinger dr Britz) Karneval, reicher.<\/p>\n\n\n\n<p>Im Jahr 2022 z\u00e4hlt die KG nun gut 100 Mitglieder und w\u00e4chst stetig weiter.<\/p>\n\n\n\n<p>Viel Gutes wurde getan und der Spa\u00df stand und steht dabei immer im Vordergrund.<\/p>\n\n\n<div class=\"wp-block-image\">\n<figure class=\"aligncenter size-large is-resized\"><img loading=\"lazy\" decoding=\"async\" width=\"449\" height=\"304\" src=\"https:\/\/kg-schleppschlepphurra.de\/wp-content\/uploads\/2014\/12\/029-449x304.jpg\" alt=\"\" class=\"wp-image-1154\" style=\"width:665px;height:auto\"\/><\/figure>\n<\/div>","protected":false},"excerpt":{"rendered":"<p>Die Gr\u00fcndung der&nbsp; Karnevalsgesellschaft Schlepp Schlepp Hurra 2012 e.V. Im Januar 2012 kamen einige Techniker w\u00e4hrend der Hetzerei von Saal zu Saal auf folgende Idee: Warum sollte man sich nicht au\u00dferhalb der Session, an stressfreien Tagen, wo man nicht nur die Zeit zum \u201cHallo\u201d und \u201cTsch\u00fc\u00df\u201d sagen hat, mit den Techniker, Roadies und Fahrerkollegen zu &hellip; <\/p>\n<p class=\"link-more\"><a href=\"https:\/\/kg-schleppschlepphurra.de\/?page_id=4003\" class=\"more-link\"><span class=\"screen-reader-text\">\u201eD\u2019r Verein\u201c<\/span> weiterlesen<\/a><\/p>\n","protected":false},"author":6,"featured_media":0,"parent":0,"menu_order":0,"comment_status":"closed","ping_status":"closed","template":"","meta":{"ngg_post_thumbnail":0,"footnotes":""},"class_list":["post-4003","page","type-page","status-publish","hentry"],"_links":{"self":[{"href":"https:\/\/kg-schleppschlepphurra.de\/index.php?rest_route=\/wp\/v2\/pages\/4003","targetHints":{"allow":["GET"]}}],"collection":[{"href":"https:\/\/kg-schleppschlepphurra.de\/index.php?rest_route=\/wp\/v2\/pages"}],"about":[{"href":"https:\/\/kg-schleppschlepphurra.de\/index.php?rest_route=\/wp\/v2\/types\/page"}],"author":[{"embeddable":true,"href":"https:\/\/kg-schleppschlepphurra.de\/index.php?rest_route=\/wp\/v2\/users\/6"}],"replies":[{"embeddable":true,"href":"https:\/\/kg-schleppschlepphurra.de\/index.php?rest_route=%2Fwp%2Fv2%2Fcomments&post=4003"}],"version-history":[{"count":4,"href":"https:\/\/kg-schleppschlepphurra.de\/index.php?rest_route=\/wp\/v2\/pages\/4003\/revisions"}],"predecessor-version":[{"id":5520,"href":"https:\/\/kg-schleppschlepphurra.de\/index.php?rest_route=\/wp\/v2\/pages\/4003\/revisions\/5520"}],"wp:attachment":[{"href":"https:\/\/kg-schleppschlepphurra.de\/index.php?rest_route=%2Fwp%2Fv2%2Fmedia&parent=4003"}],"curies":[{"name":"wp","href":"https:\/\/api.w.org\/{rel}","templated":true}]}}