{"id":412,"date":"2014-10-16T14:20:29","date_gmt":"2014-10-16T14:20:29","guid":{"rendered":"http:\/\/localhost:8888\/wordpress\/?page_id=411"},"modified":"2026-04-03T18:12:38","modified_gmt":"2026-04-03T17:12:38","slug":"der-vorstand","status":"publish","type":"page","link":"https:\/\/kg-schleppschlepphurra.de\/?page_id=412","title":{"rendered":"V\u00fcrstand"},"content":{"rendered":"\n<h3 class=\"wp-block-heading\">Der Vorstand<\/h3>\n\n\n<div class=\"wp-block-image is-style-default\">\n<figure class=\"aligncenter size-full\"><img loading=\"lazy\" decoding=\"async\" width=\"100\" height=\"76\" src=\"https:\/\/kg-schleppschlepphurra.de\/wp-content\/uploads\/2019\/10\/D1A5ECF7-642B-4A5D-85F6-AB33AF578766-e1572517074317.jpeg\" alt=\"\" class=\"wp-image-3094\"\/><\/figure>\n<\/div>\n\n<div class=\"wp-block-image\">\n<figure class=\"aligncenter size-full\"><img loading=\"lazy\" decoding=\"async\" width=\"2238\" height=\"1525\" src=\"https:\/\/kg-schleppschlepphurra.de\/wp-content\/uploads\/2024\/03\/IMG_2055.jpeg\" alt=\"\" class=\"wp-image-4473\" srcset=\"https:\/\/kg-schleppschlepphurra.de\/wp-content\/uploads\/2024\/03\/IMG_2055.jpeg 2238w, https:\/\/kg-schleppschlepphurra.de\/wp-content\/uploads\/2024\/03\/IMG_2055-800x545.jpeg 800w, https:\/\/kg-schleppschlepphurra.de\/wp-content\/uploads\/2024\/03\/IMG_2055-1024x698.jpeg 1024w, https:\/\/kg-schleppschlepphurra.de\/wp-content\/uploads\/2024\/03\/IMG_2055-1536x1047.jpeg 1536w, https:\/\/kg-schleppschlepphurra.de\/wp-content\/uploads\/2024\/03\/IMG_2055-2048x1396.jpeg 2048w\" sizes=\"auto, (max-width: 767px) 89vw, (max-width: 1000px) 54vw, (max-width: 1071px) 543px, 580px\" \/><\/figure>\n<\/div>\n\n\n<p class=\"has-text-align-center\" style=\"font-size:30px\"><strong>Max Mayerh\u00f6fer<\/strong><\/p>\n\n\n\n<p class=\"has-text-align-center has-medium-font-size\"><strong>Pr\u00e4sident<\/strong><\/p>\n\n\n\n<hr class=\"wp-block-separator has-alpha-channel-opacity is-style-wide\"\/>\n\n\n<div class=\"wp-block-image\">\n<figure class=\"aligncenter size-full\"><img loading=\"lazy\" decoding=\"async\" width=\"2238\" height=\"1525\" src=\"https:\/\/kg-schleppschlepphurra.de\/wp-content\/uploads\/2024\/03\/IMG_2055.jpeg\" alt=\"\" class=\"wp-image-4473\" srcset=\"https:\/\/kg-schleppschlepphurra.de\/wp-content\/uploads\/2024\/03\/IMG_2055.jpeg 2238w, https:\/\/kg-schleppschlepphurra.de\/wp-content\/uploads\/2024\/03\/IMG_2055-800x545.jpeg 800w, https:\/\/kg-schleppschlepphurra.de\/wp-content\/uploads\/2024\/03\/IMG_2055-1024x698.jpeg 1024w, https:\/\/kg-schleppschlepphurra.de\/wp-content\/uploads\/2024\/03\/IMG_2055-1536x1047.jpeg 1536w, https:\/\/kg-schleppschlepphurra.de\/wp-content\/uploads\/2024\/03\/IMG_2055-2048x1396.jpeg 2048w\" sizes=\"auto, (max-width: 767px) 89vw, (max-width: 1000px) 54vw, (max-width: 1071px) 543px, 580px\" \/><\/figure>\n<\/div>\n\n\n<p class=\"has-text-align-center\" style=\"font-size:30px\"><strong>Stefan Schindler<\/strong><\/p>\n\n\n\n<p class=\"has-text-align-center has-medium-font-size\"><strong>Vizepr\u00e4sident<\/strong><\/p>\n\n\n\n<hr class=\"wp-block-separator has-alpha-channel-opacity is-style-wide\"\/>\n\n\n\n<p class=\"has-text-align-center\" style=\"font-size:25px\"><strong><span style=\"text-decoration: underline;\">gesch\u00e4ftsf\u00fchrender Vorstand:<\/span><\/strong><\/p>\n\n\n<div class=\"wp-block-image is-resized is-style-default\">\n<figure class=\"aligncenter size-large\"><img loading=\"lazy\" decoding=\"async\" width=\"1024\" height=\"1024\" src=\"https:\/\/kg-schleppschlepphurra.de\/wp-content\/uploads\/2012\/11\/6-1024x1024.jpg\" alt=\"\" class=\"wp-image-4253\" srcset=\"https:\/\/kg-schleppschlepphurra.de\/wp-content\/uploads\/2012\/11\/6-1024x1024.jpg 1024w, https:\/\/kg-schleppschlepphurra.de\/wp-content\/uploads\/2012\/11\/6-800x800.jpg 800w, https:\/\/kg-schleppschlepphurra.de\/wp-content\/uploads\/2012\/11\/6-150x150.jpg 150w, https:\/\/kg-schleppschlepphurra.de\/wp-content\/uploads\/2012\/11\/6-50x50.jpg 50w, https:\/\/kg-schleppschlepphurra.de\/wp-content\/uploads\/2012\/11\/6-100x100.jpg 100w, https:\/\/kg-schleppschlepphurra.de\/wp-content\/uploads\/2012\/11\/6.jpg 1512w\" sizes=\"auto, (max-width: 767px) 89vw, (max-width: 1000px) 54vw, (max-width: 1071px) 543px, 580px\" \/><\/figure>\n<\/div>\n\n\n<p class=\"has-text-align-center\" style=\"font-size:30px\"><strong>Christoph Pickel<\/strong><\/p>\n\n\n\n<p class=\"has-text-align-center has-medium-font-size\"><strong>1. Vorsitzender<\/strong><br \/><strong>Literat<\/strong><\/p>\n\n\n\n<hr class=\"wp-block-separator has-alpha-channel-opacity is-style-wide\"\/>\n\n\n<div class=\"wp-block-image is-resized is-style-default\">\n<figure class=\"aligncenter size-large\"><img loading=\"lazy\" decoding=\"async\" width=\"1024\" height=\"1024\" src=\"https:\/\/kg-schleppschlepphurra.de\/wp-content\/uploads\/2012\/11\/5-1024x1024.jpg\" alt=\"\" class=\"wp-image-4252\" srcset=\"https:\/\/kg-schleppschlepphurra.de\/wp-content\/uploads\/2012\/11\/5-1024x1024.jpg 1024w, https:\/\/kg-schleppschlepphurra.de\/wp-content\/uploads\/2012\/11\/5-800x800.jpg 800w, https:\/\/kg-schleppschlepphurra.de\/wp-content\/uploads\/2012\/11\/5-150x150.jpg 150w, https:\/\/kg-schleppschlepphurra.de\/wp-content\/uploads\/2012\/11\/5-50x50.jpg 50w, https:\/\/kg-schleppschlepphurra.de\/wp-content\/uploads\/2012\/11\/5-100x100.jpg 100w, https:\/\/kg-schleppschlepphurra.de\/wp-content\/uploads\/2012\/11\/5.jpg 1512w\" sizes=\"auto, (max-width: 767px) 89vw, (max-width: 1000px) 54vw, (max-width: 1071px) 543px, 580px\" \/><\/figure>\n<\/div>\n\n\n<p class=\"has-text-align-center\" style=\"font-size:30px\"><strong>Vinzent Booch<\/strong><\/p>\n\n\n\n<p class=\"has-text-align-center has-medium-font-size\"><strong>2. Vorsitzender<\/strong><\/p>\n\n\n\n<hr class=\"wp-block-separator has-alpha-channel-opacity is-style-wide\"\/>\n\n\n<div class=\"wp-block-image\">\n<figure class=\"aligncenter size-full\"><img loading=\"lazy\" decoding=\"async\" width=\"2238\" height=\"1525\" src=\"https:\/\/kg-schleppschlepphurra.de\/wp-content\/uploads\/2024\/03\/IMG_2055.jpeg\" alt=\"\" class=\"wp-image-4473\" srcset=\"https:\/\/kg-schleppschlepphurra.de\/wp-content\/uploads\/2024\/03\/IMG_2055.jpeg 2238w, https:\/\/kg-schleppschlepphurra.de\/wp-content\/uploads\/2024\/03\/IMG_2055-800x545.jpeg 800w, https:\/\/kg-schleppschlepphurra.de\/wp-content\/uploads\/2024\/03\/IMG_2055-1024x698.jpeg 1024w, https:\/\/kg-schleppschlepphurra.de\/wp-content\/uploads\/2024\/03\/IMG_2055-1536x1047.jpeg 1536w, https:\/\/kg-schleppschlepphurra.de\/wp-content\/uploads\/2024\/03\/IMG_2055-2048x1396.jpeg 2048w\" sizes=\"auto, (max-width: 767px) 89vw, (max-width: 1000px) 54vw, (max-width: 1071px) 543px, 580px\" \/><\/figure>\n<\/div>\n\n\n<p class=\"has-text-align-center\" style=\"font-size:30px\"><strong><br \/>Roberto Booch<\/strong><\/p>\n\n\n\n<p><\/p>\n\n\n\n<p class=\"has-text-align-center has-medium-font-size\"><strong>1. Schatzmeister<\/strong><\/p>\n\n\n\n<hr class=\"wp-block-separator has-alpha-channel-opacity is-style-wide\"\/>\n\n\n<div class=\"wp-block-image is-resized is-style-default\">\n<figure class=\"aligncenter size-large\"><img loading=\"lazy\" decoding=\"async\" width=\"1024\" height=\"1024\" src=\"https:\/\/kg-schleppschlepphurra.de\/wp-content\/uploads\/2012\/11\/2-1024x1024.jpg\" alt=\"\" class=\"wp-image-4254\" srcset=\"https:\/\/kg-schleppschlepphurra.de\/wp-content\/uploads\/2012\/11\/2-1024x1024.jpg 1024w, https:\/\/kg-schleppschlepphurra.de\/wp-content\/uploads\/2012\/11\/2-800x800.jpg 800w, https:\/\/kg-schleppschlepphurra.de\/wp-content\/uploads\/2012\/11\/2-150x150.jpg 150w, https:\/\/kg-schleppschlepphurra.de\/wp-content\/uploads\/2012\/11\/2-50x50.jpg 50w, https:\/\/kg-schleppschlepphurra.de\/wp-content\/uploads\/2012\/11\/2-100x100.jpg 100w, https:\/\/kg-schleppschlepphurra.de\/wp-content\/uploads\/2012\/11\/2.jpg 1512w\" sizes=\"auto, (max-width: 767px) 89vw, (max-width: 1000px) 54vw, (max-width: 1071px) 543px, 580px\" \/><\/figure>\n<\/div>\n\n\n<p class=\"has-text-align-center\" style=\"font-size:30px\"><strong>Johannes Deckers<\/strong><\/p>\n\n\n\n<p class=\"has-text-align-center has-medium-font-size\"><strong>2. Schatzmeister<\/strong><\/p>\n","protected":false},"excerpt":{"rendered":"<p>Der Vorstand Max Mayerh\u00f6fer Pr\u00e4sident Stefan Schindler Vizepr\u00e4sident gesch\u00e4ftsf\u00fchrender Vorstand: Christoph Pickel 1. VorsitzenderLiterat Vinzent Booch 2. Vorsitzender Roberto Booch 1. Schatzmeister Johannes Deckers 2. Schatzmeister<\/p>\n","protected":false},"author":6,"featured_media":0,"parent":0,"menu_order":0,"comment_status":"closed","ping_status":"closed","template":"","meta":{"ngg_post_thumbnail":0,"footnotes":""},"class_list":["post-412","page","type-page","status-publish","hentry"],"_links":{"self":[{"href":"https:\/\/kg-schleppschlepphurra.de\/index.php?rest_route=\/wp\/v2\/pages\/412","targetHints":{"allow":["GET"]}}],"collection":[{"href":"https:\/\/kg-schleppschlepphurra.de\/index.php?rest_route=\/wp\/v2\/pages"}],"about":[{"href":"https:\/\/kg-schleppschlepphurra.de\/index.php?rest_route=\/wp\/v2\/types\/page"}],"author":[{"embeddable":true,"href":"https:\/\/kg-schleppschlepphurra.de\/index.php?rest_route=\/wp\/v2\/users\/6"}],"replies":[{"embeddable":true,"href":"https:\/\/kg-schleppschlepphurra.de\/index.php?rest_route=%2Fwp%2Fv2%2Fcomments&post=412"}],"version-history":[{"count":102,"href":"https:\/\/kg-schleppschlepphurra.de\/index.php?rest_route=\/wp\/v2\/pages\/412\/revisions"}],"predecessor-version":[{"id":6057,"href":"https:\/\/kg-schleppschlepphurra.de\/index.php?rest_route=\/wp\/v2\/pages\/412\/revisions\/6057"}],"wp:attachment":[{"href":"https:\/\/kg-schleppschlepphurra.de\/index.php?rest_route=%2Fwp%2Fv2%2Fmedia&parent=412"}],"curies":[{"name":"wp","href":"https:\/\/api.w.org\/{rel}","templated":true}]}}