{"id":4172,"date":"2022-03-27T09:50:01","date_gmt":"2022-03-27T08:50:01","guid":{"rendered":"https:\/\/www.kg-schleppschlepphurra.koeln\/?page_id=4172"},"modified":"2025-07-19T17:15:48","modified_gmt":"2025-07-19T16:15:48","slug":"ihre-kapelle","status":"publish","type":"page","link":"https:\/\/kg-schleppschlepphurra.de\/?page_id=4172","title":{"rendered":"Ihre-Kapelle"},"content":{"rendered":"<div class=\"wp-block-image is-resized\">\n<figure class=\"aligncenter size-full\"><img loading=\"lazy\" decoding=\"async\" width=\"100\" height=\"76\" src=\"https:\/\/www.kg-schleppschlepphurra.koeln\/wp-content\/uploads\/2019\/10\/D1A5ECF7-642B-4A5D-85F6-AB33AF578766-e1572517074317.jpeg\" alt=\"\" class=\"wp-image-3094\"\/><\/figure>\n<\/div>\n\n\n<h2 class=\"wp-block-heading\"><strong>Domstadtbande<\/strong><\/h2>\n\n\n\n<figure class=\"wp-block-image size-large is-style-default\"><img loading=\"lazy\" decoding=\"async\" width=\"1024\" height=\"566\" src=\"https:\/\/kg-schleppschlepphurra.de\/wp-content\/uploads\/2023\/02\/FB9E05AF-94D5-4CB2-BB28-CEC1EF8D3044-1024x566.jpeg\" alt=\"\" class=\"wp-image-4350\" srcset=\"https:\/\/kg-schleppschlepphurra.de\/wp-content\/uploads\/2023\/02\/FB9E05AF-94D5-4CB2-BB28-CEC1EF8D3044-1024x566.jpeg 1024w, https:\/\/kg-schleppschlepphurra.de\/wp-content\/uploads\/2023\/02\/FB9E05AF-94D5-4CB2-BB28-CEC1EF8D3044-800x442.jpeg 800w, https:\/\/kg-schleppschlepphurra.de\/wp-content\/uploads\/2023\/02\/FB9E05AF-94D5-4CB2-BB28-CEC1EF8D3044-50x28.jpeg 50w, https:\/\/kg-schleppschlepphurra.de\/wp-content\/uploads\/2023\/02\/FB9E05AF-94D5-4CB2-BB28-CEC1EF8D3044.jpeg 1536w\" sizes=\"auto, (max-width: 767px) 89vw, (max-width: 1000px) 54vw, (max-width: 1071px) 543px, 580px\" \/><\/figure>\n\n\n\n<p><a href=\"http:\/\/www.domstadtbande.de\" target=\"_blank\" rel=\"noreferrer noopener\">www.domstadtbande.de<\/a><\/p>\n\n\n\n<p>Alle Jahre wieder spielten sie auf unserem Karnevalswagen im Nippeser Dienstagszug. Auch unterst\u00fctzen sie uns auf fast jeder unserer Veranstaltungen f\u00fcr den guten Zweck.<\/p>\n\n\n<div class=\"wp-block-image\">\n<figure class=\"aligncenter size-full\"><img loading=\"lazy\" decoding=\"async\" width=\"100\" height=\"76\" src=\"https:\/\/www.kg-schleppschlepphurra.koeln\/wp-content\/uploads\/2019\/10\/D1A5ECF7-642B-4A5D-85F6-AB33AF578766-e1572517074317.jpeg\" alt=\"\" class=\"wp-image-3094\"\/><\/figure>\n<\/div>\n\n\n<h2 class=\"wp-block-heading\"><strong>Milj\u00f6<\/strong><\/h2>\n\n\n\n<figure class=\"wp-block-image size-large is-style-default\"><img loading=\"lazy\" decoding=\"async\" width=\"1024\" height=\"728\" src=\"https:\/\/kg-schleppschlepphurra.de\/wp-content\/uploads\/2023\/02\/9F21F223-7E44-4A3A-9519-BBB835EFB086-1024x728.jpeg\" alt=\"\" class=\"wp-image-4348\" srcset=\"https:\/\/kg-schleppschlepphurra.de\/wp-content\/uploads\/2023\/02\/9F21F223-7E44-4A3A-9519-BBB835EFB086-1024x728.jpeg 1024w, https:\/\/kg-schleppschlepphurra.de\/wp-content\/uploads\/2023\/02\/9F21F223-7E44-4A3A-9519-BBB835EFB086-800x569.jpeg 800w, https:\/\/kg-schleppschlepphurra.de\/wp-content\/uploads\/2023\/02\/9F21F223-7E44-4A3A-9519-BBB835EFB086-1536x1092.jpeg 1536w, https:\/\/kg-schleppschlepphurra.de\/wp-content\/uploads\/2023\/02\/9F21F223-7E44-4A3A-9519-BBB835EFB086-2048x1456.jpeg 2048w, https:\/\/kg-schleppschlepphurra.de\/wp-content\/uploads\/2023\/02\/9F21F223-7E44-4A3A-9519-BBB835EFB086-50x36.jpeg 50w\" sizes=\"auto, (max-width: 767px) 89vw, (max-width: 1000px) 54vw, (max-width: 1071px) 543px, 580px\" \/><\/figure>\n\n\n\n<p><a rel=\"noreferrer noopener\" href=\"http:\/\/www.miljoe-musik.de\" target=\"_blank\">www.miljoe-musik.de<\/a><\/p>\n\n\n\n<p>Sie haben unseren Schlepper Marsch geschrieben und produziert. Als Dank f\u00fcr diesen geilen Rocker-Marsch haben wir sie selbstverst\u00e4ndlich zur Ehrenkapelle ernannt<\/p>\n\n\n<div class=\"wp-block-image is-resized\">\n<figure class=\"aligncenter size-full\"><img loading=\"lazy\" decoding=\"async\" width=\"100\" height=\"76\" src=\"https:\/\/www.kg-schleppschlepphurra.koeln\/wp-content\/uploads\/2019\/10\/D1A5ECF7-642B-4A5D-85F6-AB33AF578766-e1572517074317.jpeg\" alt=\"\" class=\"wp-image-3094\"\/><\/figure>\n<\/div>\n\n\n<h2 class=\"wp-block-heading\"><strong>DOMST\u00dcRMER<\/strong><\/h2>\n\n\n\n<figure class=\"wp-block-image size-large is-style-default\"><img loading=\"lazy\" decoding=\"async\" width=\"1024\" height=\"576\" src=\"https:\/\/kg-schleppschlepphurra.de\/wp-content\/uploads\/2012\/11\/DE617743-D54E-46D0-8FD9-29B5E1667E0E-1024x576.jpeg\" alt=\"\" class=\"wp-image-4358\" srcset=\"https:\/\/kg-schleppschlepphurra.de\/wp-content\/uploads\/2012\/11\/DE617743-D54E-46D0-8FD9-29B5E1667E0E-1024x576.jpeg 1024w, https:\/\/kg-schleppschlepphurra.de\/wp-content\/uploads\/2012\/11\/DE617743-D54E-46D0-8FD9-29B5E1667E0E-800x450.jpeg 800w, https:\/\/kg-schleppschlepphurra.de\/wp-content\/uploads\/2012\/11\/DE617743-D54E-46D0-8FD9-29B5E1667E0E-1536x864.jpeg 1536w, https:\/\/kg-schleppschlepphurra.de\/wp-content\/uploads\/2012\/11\/DE617743-D54E-46D0-8FD9-29B5E1667E0E-2048x1152.jpeg 2048w, https:\/\/kg-schleppschlepphurra.de\/wp-content\/uploads\/2012\/11\/DE617743-D54E-46D0-8FD9-29B5E1667E0E-50x28.jpeg 50w\" sizes=\"auto, (max-width: 767px) 89vw, (max-width: 1000px) 54vw, (max-width: 1071px) 543px, 580px\" \/><\/figure>\n\n\n\n<p><a href=\"http:\/\/domstuermer.net\">www.domstuermer.net<\/a><\/p>\n\n\n\n<p>Sie sind auch bereits seit unserer Gr\u00fcndung im Jahr 2012 st\u00e4ndig an unserer Seite. Selbsterkl\u00e4rend das wir sie zur Ehren-Kapelle ernannt haben.<\/p>\n\n\n\n<p>Vielen Dank f\u00fcr alles Jungs!<\/p>\n\n\n<div class=\"wp-block-image is-resized\">\n<figure class=\"aligncenter size-full\"><img loading=\"lazy\" decoding=\"async\" width=\"100\" height=\"76\" src=\"https:\/\/www.kg-schleppschlepphurra.koeln\/wp-content\/uploads\/2019\/10\/D1A5ECF7-642B-4A5D-85F6-AB33AF578766-e1572517074317.jpeg\" alt=\"\" class=\"wp-image-3094\"\/><\/figure>\n<\/div>\n\n\n<h2 class=\"wp-block-heading\"><strong>Fiasko<\/strong><\/h2>\n\n\n\n<figure class=\"wp-block-image size-large\"><img loading=\"lazy\" decoding=\"async\" width=\"1024\" height=\"683\" src=\"https:\/\/kg-schleppschlepphurra.de\/wp-content\/uploads\/2021\/01\/8F63BF71-E64D-410A-A20C-11E6EFE70B4E-1024x683.jpeg\" alt=\"\" class=\"wp-image-3795\" srcset=\"https:\/\/kg-schleppschlepphurra.de\/wp-content\/uploads\/2021\/01\/8F63BF71-E64D-410A-A20C-11E6EFE70B4E-1024x683.jpeg 1024w, https:\/\/kg-schleppschlepphurra.de\/wp-content\/uploads\/2021\/01\/8F63BF71-E64D-410A-A20C-11E6EFE70B4E-800x533.jpeg 800w, https:\/\/kg-schleppschlepphurra.de\/wp-content\/uploads\/2021\/01\/8F63BF71-E64D-410A-A20C-11E6EFE70B4E-50x33.jpeg 50w, https:\/\/kg-schleppschlepphurra.de\/wp-content\/uploads\/2021\/01\/8F63BF71-E64D-410A-A20C-11E6EFE70B4E-370x247.jpeg 370w, https:\/\/kg-schleppschlepphurra.de\/wp-content\/uploads\/2021\/01\/8F63BF71-E64D-410A-A20C-11E6EFE70B4E-1040x693.jpeg 1040w, https:\/\/kg-schleppschlepphurra.de\/wp-content\/uploads\/2021\/01\/8F63BF71-E64D-410A-A20C-11E6EFE70B4E.jpeg 1920w\" sizes=\"auto, (max-width: 767px) 89vw, (max-width: 1000px) 54vw, (max-width: 1071px) 543px, 580px\" \/><\/figure>\n\n\n\n<p><a href=\"http:\/\/www.fiasko.org\" target=\"_blank\" rel=\"noreferrer noopener\">www.fiasko.org<\/a><\/p>\n\n\n\n<p>Auch Fiasko unterst\u00fctzen uns von Anfang an f\u00fcr die gute Sache. Etwas sp\u00e4t, aber bei unserer Schleppersitzung 2020 wurden sie endlich zur Ehren-Kapelle ernannt.<\/p>\n\n\n<div class=\"wp-block-image is-resized\">\n<figure class=\"aligncenter size-full\"><img loading=\"lazy\" decoding=\"async\" width=\"100\" height=\"76\" src=\"https:\/\/www.kg-schleppschlepphurra.koeln\/wp-content\/uploads\/2019\/10\/D1A5ECF7-642B-4A5D-85F6-AB33AF578766-e1572517074317.jpeg\" alt=\"\" class=\"wp-image-3094\"\/><\/figure>\n<\/div>\n\n\n<h2 class=\"wp-block-heading\"><strong>Lupo<\/strong><\/h2>\n\n\n\n<figure class=\"wp-block-image size-large\"><img loading=\"lazy\" decoding=\"async\" width=\"1024\" height=\"683\" src=\"https:\/\/kg-schleppschlepphurra.de\/wp-content\/uploads\/2021\/01\/0446B08D-8B6C-4315-B06F-104F0A797669-1024x683.jpeg\" alt=\"\" class=\"wp-image-3726\" srcset=\"https:\/\/kg-schleppschlepphurra.de\/wp-content\/uploads\/2021\/01\/0446B08D-8B6C-4315-B06F-104F0A797669-1024x683.jpeg 1024w, https:\/\/kg-schleppschlepphurra.de\/wp-content\/uploads\/2021\/01\/0446B08D-8B6C-4315-B06F-104F0A797669-800x533.jpeg 800w, https:\/\/kg-schleppschlepphurra.de\/wp-content\/uploads\/2021\/01\/0446B08D-8B6C-4315-B06F-104F0A797669-50x33.jpeg 50w, https:\/\/kg-schleppschlepphurra.de\/wp-content\/uploads\/2021\/01\/0446B08D-8B6C-4315-B06F-104F0A797669-370x247.jpeg 370w, https:\/\/kg-schleppschlepphurra.de\/wp-content\/uploads\/2021\/01\/0446B08D-8B6C-4315-B06F-104F0A797669-1040x693.jpeg 1040w, https:\/\/kg-schleppschlepphurra.de\/wp-content\/uploads\/2021\/01\/0446B08D-8B6C-4315-B06F-104F0A797669.jpeg 1920w\" sizes=\"auto, (max-width: 767px) 89vw, (max-width: 1000px) 54vw, (max-width: 1071px) 543px, 580px\" \/><\/figure>\n\n\n\n<p><a href=\"http:\/\/www.lupo-koelle.de\" target=\"_blank\" rel=\"noreferrer noopener\">www.lupo-koelle.de<\/a><\/p>\n\n\n\n<p>Bei unserer Schlepper-Sitzung 2020 wurde auch Lupo f\u00fcr ihre langj\u00e4hrigen Verdienste f\u00fcr uns und den guten Zweck zur Ehren-Kapelle ernannt.<\/p>\n\n\n<div class=\"wp-block-image is-resized\">\n<figure class=\"aligncenter size-full\"><img loading=\"lazy\" decoding=\"async\" width=\"100\" height=\"76\" src=\"https:\/\/www.kg-schleppschlepphurra.koeln\/wp-content\/uploads\/2019\/10\/D1A5ECF7-642B-4A5D-85F6-AB33AF578766-e1572517074317.jpeg\" alt=\"\" class=\"wp-image-3094\"\/><\/figure>\n<\/div>\n\n\n<h2 class=\"wp-block-heading\"><strong>Kempes Feinest<\/strong><\/h2>\n\n\n\n<figure class=\"wp-block-image size-large is-style-default\"><img loading=\"lazy\" decoding=\"async\" width=\"1024\" height=\"683\" src=\"https:\/\/kg-schleppschlepphurra.de\/wp-content\/uploads\/2023\/02\/40FB6CCA-B174-413F-BE99-A396767D2846-1024x683.jpeg\" alt=\"\" class=\"wp-image-4345\" srcset=\"https:\/\/kg-schleppschlepphurra.de\/wp-content\/uploads\/2023\/02\/40FB6CCA-B174-413F-BE99-A396767D2846-1024x683.jpeg 1024w, https:\/\/kg-schleppschlepphurra.de\/wp-content\/uploads\/2023\/02\/40FB6CCA-B174-413F-BE99-A396767D2846-800x533.jpeg 800w, https:\/\/kg-schleppschlepphurra.de\/wp-content\/uploads\/2023\/02\/40FB6CCA-B174-413F-BE99-A396767D2846-1536x1024.jpeg 1536w, https:\/\/kg-schleppschlepphurra.de\/wp-content\/uploads\/2023\/02\/40FB6CCA-B174-413F-BE99-A396767D2846-2048x1366.jpeg 2048w, https:\/\/kg-schleppschlepphurra.de\/wp-content\/uploads\/2023\/02\/40FB6CCA-B174-413F-BE99-A396767D2846-50x33.jpeg 50w\" sizes=\"auto, (max-width: 767px) 89vw, (max-width: 1000px) 54vw, (max-width: 1071px) 543px, 580px\" \/><\/figure>\n\n\n\n<p><a href=\"http:\/\/www.kempes-feinest.de\/\" target=\"_blank\" rel=\"noreferrer noopener\">www.kempes-feinest.de<\/a><\/p>\n\n\n\n<p>Bei unserer Jubil\u00e4ums-Sitzung \u201c11 Jahre Schlepper\u201c am 06.02.2023 wurden unsere langj\u00e4hrigen Begleiter um Nici Kempermann zur weiteren Ehren-Kapelle ernannt. Au\u00dferdem haben wir Nici\u2018s Wunsch entsprochen, einmal Prinzessin im Dreigestirn zu sein, und sie f\u00fcr den Abend als Prinzessin Nici I. der KG-Schlepp Schlepp Schlepp Hurra gek\u00fcrt.<\/p>\n\n\n<div class=\"wp-block-image is-resized is-style-default\">\n<figure class=\"aligncenter size-full\"><img loading=\"lazy\" decoding=\"async\" width=\"100\" height=\"76\" src=\"https:\/\/www.kg-schleppschlepphurra.koeln\/wp-content\/uploads\/2019\/10\/D1A5ECF7-642B-4A5D-85F6-AB33AF578766-e1572517074317.jpeg\" alt=\"\" class=\"wp-image-3094\"\/><\/figure>\n<\/div>\n\n\n<h2 class=\"wp-block-heading\"><strong>King Loui<\/strong><\/h2>\n\n\n\n<figure class=\"wp-block-image size-large\"><img loading=\"lazy\" decoding=\"async\" width=\"1024\" height=\"683\" src=\"https:\/\/kg-schleppschlepphurra.de\/wp-content\/uploads\/2025\/02\/IMG_2667-1024x683.jpeg\" alt=\"\" class=\"wp-image-5192\" srcset=\"https:\/\/kg-schleppschlepphurra.de\/wp-content\/uploads\/2025\/02\/IMG_2667-1024x683.jpeg 1024w, https:\/\/kg-schleppschlepphurra.de\/wp-content\/uploads\/2025\/02\/IMG_2667-800x533.jpeg 800w, https:\/\/kg-schleppschlepphurra.de\/wp-content\/uploads\/2025\/02\/IMG_2667-1536x1024.jpeg 1536w, https:\/\/kg-schleppschlepphurra.de\/wp-content\/uploads\/2025\/02\/IMG_2667-2048x1365.jpeg 2048w\" sizes=\"auto, (max-width: 767px) 89vw, (max-width: 1000px) 54vw, (max-width: 1071px) 543px, 580px\" \/><\/figure>\n\n\n\n<p><a href=\"https:\/\/kingloui-musik.de\/\" data-type=\"link\" data-id=\"https:\/\/kingloui-musik.de\/\">www.<\/a><a href=\"https:\/\/kingloui-musik.de\/\" data-type=\"link\" data-id=\"https:\/\/kingloui-musik.de\/\" target=\"_blank\" rel=\"noreferrer noopener\">kingloui<\/a><a href=\"https:\/\/kingloui-musik.de\/\" data-type=\"link\" data-id=\"https:\/\/kingloui-musik.de\/\">-musik.de<\/a><\/p>\n\n\n\n<p>Da sie uns schon so lange unterst\u00fctzen, und sogar bei einer \u201eZusammenkunft mit Freunden gem\u00e4\u00df den damaligen Regeln\u201c w\u00e4hrend der Pandemie direkt mit dabei waren, war es an der Zeit die Jungs bei der 11. Ausgabe unserer \u201eMondachs han mer frei\u201c am 17.02.2025 im Dom im Stapelhaus zur Ehren-Kapelle zu ernennen.<\/p>\n\n\n<div class=\"wp-block-image is-style-default\">\n<figure class=\"aligncenter size-full is-resized\"><img loading=\"lazy\" decoding=\"async\" width=\"100\" height=\"76\" src=\"https:\/\/www.kg-schleppschlepphurra.koeln\/wp-content\/uploads\/2019\/10\/D1A5ECF7-642B-4A5D-85F6-AB33AF578766-e1572517074317.jpeg\" alt=\"\" class=\"wp-image-3094\" style=\"width:100px;height:auto\"\/><\/figure>\n<\/div>","protected":false},"excerpt":{"rendered":"<p>Domstadtbande www.domstadtbande.de Alle Jahre wieder spielten sie auf unserem Karnevalswagen im Nippeser Dienstagszug. Auch unterst\u00fctzen sie uns auf fast jeder unserer Veranstaltungen f\u00fcr den guten Zweck. Milj\u00f6 www.miljoe-musik.de Sie haben unseren Schlepper Marsch geschrieben und produziert. Als Dank f\u00fcr diesen geilen Rocker-Marsch haben wir sie selbstverst\u00e4ndlich zur Ehrenkapelle ernannt DOMST\u00dcRMER www.domstuermer.net Sie sind auch bereits &hellip; <\/p>\n<p class=\"link-more\"><a href=\"https:\/\/kg-schleppschlepphurra.de\/?page_id=4172\" class=\"more-link\"><span class=\"screen-reader-text\">\u201eIhre-Kapelle\u201c<\/span> weiterlesen<\/a><\/p>\n","protected":false},"author":6,"featured_media":0,"parent":0,"menu_order":0,"comment_status":"closed","ping_status":"closed","template":"","meta":{"ngg_post_thumbnail":0,"footnotes":""},"class_list":["post-4172","page","type-page","status-publish","hentry"],"_links":{"self":[{"href":"https:\/\/kg-schleppschlepphurra.de\/index.php?rest_route=\/wp\/v2\/pages\/4172","targetHints":{"allow":["GET"]}}],"collection":[{"href":"https:\/\/kg-schleppschlepphurra.de\/index.php?rest_route=\/wp\/v2\/pages"}],"about":[{"href":"https:\/\/kg-schleppschlepphurra.de\/index.php?rest_route=\/wp\/v2\/types\/page"}],"author":[{"embeddable":true,"href":"https:\/\/kg-schleppschlepphurra.de\/index.php?rest_route=\/wp\/v2\/users\/6"}],"replies":[{"embeddable":true,"href":"https:\/\/kg-schleppschlepphurra.de\/index.php?rest_route=%2Fwp%2Fv2%2Fcomments&post=4172"}],"version-history":[{"count":23,"href":"https:\/\/kg-schleppschlepphurra.de\/index.php?rest_route=\/wp\/v2\/pages\/4172\/revisions"}],"predecessor-version":[{"id":5516,"href":"https:\/\/kg-schleppschlepphurra.de\/index.php?rest_route=\/wp\/v2\/pages\/4172\/revisions\/5516"}],"wp:attachment":[{"href":"https:\/\/kg-schleppschlepphurra.de\/index.php?rest_route=%2Fwp%2Fv2%2Fmedia&parent=4172"}],"curies":[{"name":"wp","href":"https:\/\/api.w.org\/{rel}","templated":true}]}}