{"id":4301,"date":"2022-12-22T14:54:29","date_gmt":"2022-12-22T13:54:29","guid":{"rendered":"https:\/\/www.kg-schleppschlepphurra.koeln\/?page_id=4301"},"modified":"2025-07-19T18:21:32","modified_gmt":"2025-07-19T17:21:32","slug":"unser-jubilaeums-orden","status":"publish","type":"page","link":"https:\/\/kg-schleppschlepphurra.de\/?page_id=4301","title":{"rendered":"Unser Jubil\u00e4ums-Orden 2022\/2023 &#8211; 11 Jahre Schlepper"},"content":{"rendered":"<div class=\"wp-block-image is-style-default\">\n<figure class=\"aligncenter size-full\"><img loading=\"lazy\" decoding=\"async\" width=\"100\" height=\"76\" src=\"https:\/\/www.kg-schleppschlepphurra.koeln\/wp-content\/uploads\/2019\/10\/D1A5ECF7-642B-4A5D-85F6-AB33AF578766-e1572517074317.jpeg\" alt=\"\" class=\"wp-image-3094\"\/><\/figure>\n<\/div>\n\n\n<p>11 Jahre Schlepper! Dieses Jubil\u00e4um war uns ein Bed\u00fcrfnis zus\u00e4tzlich zu unserem allj\u00e4hrlichen Pin, auch noch einen besonderen Orden zu pr\u00e4sentieren. Kr\u00fczz un quer schleppen wir durch alle Veedel.<\/p>\n\n\n\n<p>Hier ist das Schmuckst\u00fcck:<\/p>\n\n\n\n<figure class=\"wp-block-image size-large is-style-default\"><img loading=\"lazy\" decoding=\"async\" width=\"1024\" height=\"715\" src=\"https:\/\/kg-schleppschlepphurra.de\/wp-content\/uploads\/2022\/12\/3FEE320E-1471-4830-AC06-BA9F872B78AC-1024x715.jpeg\" alt=\"\" class=\"wp-image-4302\" srcset=\"https:\/\/kg-schleppschlepphurra.de\/wp-content\/uploads\/2022\/12\/3FEE320E-1471-4830-AC06-BA9F872B78AC-1024x715.jpeg 1024w, https:\/\/kg-schleppschlepphurra.de\/wp-content\/uploads\/2022\/12\/3FEE320E-1471-4830-AC06-BA9F872B78AC-800x558.jpeg 800w, https:\/\/kg-schleppschlepphurra.de\/wp-content\/uploads\/2022\/12\/3FEE320E-1471-4830-AC06-BA9F872B78AC-50x35.jpeg 50w, https:\/\/kg-schleppschlepphurra.de\/wp-content\/uploads\/2022\/12\/3FEE320E-1471-4830-AC06-BA9F872B78AC.jpeg 1440w\" sizes=\"auto, (max-width: 767px) 89vw, (max-width: 1000px) 54vw, (max-width: 1071px) 543px, 580px\" \/><\/figure>\n\n\n\n<p class=\"has-text-align-center\"><strong>Preise:<\/strong><br \/>1 Orden: 35,00 \u20ac<br \/>ab 10 Orden: 30,00 \u20ac<br \/>ab 15 Orden: 25,00 \u20ac<br \/>zuz\u00fcglich Versandkosten<\/p>\n\n\n\n<p><\/p>\n\n\n<div class=\"wp-block-image is-style-default\">\n<figure class=\"aligncenter size-full\"><img loading=\"lazy\" decoding=\"async\" width=\"100\" height=\"76\" src=\"https:\/\/www.kg-schleppschlepphurra.koeln\/wp-content\/uploads\/2019\/10\/D1A5ECF7-642B-4A5D-85F6-AB33AF578766-e1572517074317.jpeg\" alt=\"\" class=\"wp-image-3094\"\/><\/figure>\n<\/div>\n\n\n<p>Bestellungen bitte mit Angabe des Namens, der Adresse (Stra\u00dfe, Hausnummer, Postleitzahl und Ort) und der Anzahl der Orden per Mail an <a href=\"mailto:zeugwart@kg-schleppschlepphrra.de\"><mark style=\"background-color:rgba(0, 0, 0, 0)\" class=\"has-inline-color has-vivid-red-color\"><strong>zeugwart@kg-schleppschlepphrra.de<\/strong><\/mark><\/a><\/p>\n\n\n\n<p>Barzahlung ist bei Selbstabholung ohne Versandkosten m\u00f6glich. Dies erw\u00e4hnen Sie dann bitt ebei der Mail-Gestellung<\/p>\n\n\n<div class=\"wp-block-image is-style-default\">\n<figure class=\"aligncenter size-full\"><img loading=\"lazy\" decoding=\"async\" width=\"100\" height=\"76\" src=\"https:\/\/www.kg-schleppschlepphurra.koeln\/wp-content\/uploads\/2019\/10\/D1A5ECF7-642B-4A5D-85F6-AB33AF578766-e1572517074317.jpeg\" alt=\"\" class=\"wp-image-3094\"\/><\/figure>\n<\/div>","protected":false},"excerpt":{"rendered":"<p>11 Jahre Schlepper! Dieses Jubil\u00e4um war uns ein Bed\u00fcrfnis zus\u00e4tzlich zu unserem allj\u00e4hrlichen Pin, auch noch einen besonderen Orden zu pr\u00e4sentieren. Kr\u00fczz un quer schleppen wir durch alle Veedel. Hier ist das Schmuckst\u00fcck: Preise:1 Orden: 35,00 \u20acab 10 Orden: 30,00 \u20acab 15 Orden: 25,00 \u20aczuz\u00fcglich Versandkosten Bestellungen bitte mit Angabe des Namens, der Adresse (Stra\u00dfe, &hellip; <\/p>\n<p class=\"link-more\"><a href=\"https:\/\/kg-schleppschlepphurra.de\/?page_id=4301\" class=\"more-link\"><span class=\"screen-reader-text\">\u201eUnser Jubil\u00e4ums-Orden 2022\/2023 &#8211; 11 Jahre Schlepper\u201c<\/span> weiterlesen<\/a><\/p>\n","protected":false},"author":6,"featured_media":0,"parent":0,"menu_order":0,"comment_status":"closed","ping_status":"closed","template":"","meta":{"ngg_post_thumbnail":0,"footnotes":""},"class_list":["post-4301","page","type-page","status-publish","hentry"],"_links":{"self":[{"href":"https:\/\/kg-schleppschlepphurra.de\/index.php?rest_route=\/wp\/v2\/pages\/4301","targetHints":{"allow":["GET"]}}],"collection":[{"href":"https:\/\/kg-schleppschlepphurra.de\/index.php?rest_route=\/wp\/v2\/pages"}],"about":[{"href":"https:\/\/kg-schleppschlepphurra.de\/index.php?rest_route=\/wp\/v2\/types\/page"}],"author":[{"embeddable":true,"href":"https:\/\/kg-schleppschlepphurra.de\/index.php?rest_route=\/wp\/v2\/users\/6"}],"replies":[{"embeddable":true,"href":"https:\/\/kg-schleppschlepphurra.de\/index.php?rest_route=%2Fwp%2Fv2%2Fcomments&post=4301"}],"version-history":[{"count":10,"href":"https:\/\/kg-schleppschlepphurra.de\/index.php?rest_route=\/wp\/v2\/pages\/4301\/revisions"}],"predecessor-version":[{"id":5527,"href":"https:\/\/kg-schleppschlepphurra.de\/index.php?rest_route=\/wp\/v2\/pages\/4301\/revisions\/5527"}],"wp:attachment":[{"href":"https:\/\/kg-schleppschlepphurra.de\/index.php?rest_route=%2Fwp%2Fv2%2Fmedia&parent=4301"}],"curies":[{"name":"wp","href":"https:\/\/api.w.org\/{rel}","templated":true}]}}