{"id":4318,"date":"2023-01-09T11:54:38","date_gmt":"2023-01-09T10:54:38","guid":{"rendered":"https:\/\/www.kg-schleppschlepphurra.koeln\/?page_id=4318"},"modified":"2025-07-22T10:30:56","modified_gmt":"2025-07-22T09:30:56","slug":"mir-sin-dobei","status":"publish","type":"page","link":"https:\/\/kg-schleppschlepphurra.de\/?page_id=4318","title":{"rendered":"Mir sin dobei"},"content":{"rendered":"\n<p>So hei\u00dft nicht nur der Titel, den einige Gr\u00fcndungsmitglieder im Studio von <a rel=\"noreferrer noopener\" href=\"https:\/\/dabbelju-koeln.myshopify.com\/\" target=\"_blank\"><mark style=\"background-color:rgba(0, 0, 0, 0)\" class=\"has-inline-color has-vivid-red-color\"><strong>Dabbelju Music<\/strong><\/mark><\/a> aufgenommen haben. Das Lied wurde uns von Wolfgang L\u00f6hr auf den Leib geschrieben und auch von ihm produziert. Seit dem ist es auch das Motto unserer KG \u201cMir sin dobei wenn de k\u00f6lsche Musik spillt.\u201c <\/p>\n\n\n\n<p><\/p>\n\n\n\n<p>Zu unserem 11. Jubil\u00e4um wurde der Song auf die aktuelle \u201cMegajeck 26\u201c gepackt, war sogar im <a rel=\"noreferrer noopener\" href=\"https:\/\/www1.wdr.de\/radio\/wdr4\/schwerpunkt\/karneval\/wdr-vier-jeck-duell-124.html\" target=\"_blank\"><strong>WDR 4-Jeck-Duell<\/strong><\/a> 2023 dabei und wurde dort auf <strong><mark style=\"background-color:rgba(0, 0, 0, 0)\" class=\"has-inline-color has-vivid-red-color\">Platz 6<\/mark><\/strong> gew\u00e4hlt! Vielen Dank!.<\/p>\n\n\n\n<div class=\"wp-block-buttons is-content-justification-center is-layout-flex wp-container-core-buttons-is-layout-16018d1d wp-block-buttons-is-layout-flex\">\n<div class=\"wp-block-button has-custom-width wp-block-button__width-100\"><a class=\"wp-block-button__link has-white-color has-vivid-red-background-color has-text-color has-background wp-element-button\" href=\"https:\/\/open.spotify.com\/track\/4oEeWlvPJe8BL0OpuRevcw?si=rd3Fq1TTQ-SR4pirD6JpXw\" target=\"_blank\" rel=\"noreferrer noopener\">\u201eMir sin dobei\u201c auf Spotify<\/a><\/div>\n<\/div>\n\n\n\n<div class=\"wp-block-buttons is-content-justification-center is-layout-flex wp-container-core-buttons-is-layout-16018d1d wp-block-buttons-is-layout-flex\">\n<div class=\"wp-block-button has-custom-width wp-block-button__width-100 aligncenter\"><a class=\"wp-block-button__link wp-element-button\" href=\"https:\/\/dabbelju-koeln.myshopify.com\/products\/cd-megajeck-26-karneval-2023\" target=\"_blank\" rel=\"noreferrer noopener\"><mark style=\"background-color:rgba(0, 0, 0, 0)\" class=\"has-inline-color has-white-color\">Hol Dir hier die \u201cMegajeck 26\u201c<\/mark><\/a><\/div>\n<\/div>\n\n\n\n<p><br \/><br \/><\/p>\n\n\n\n<p><\/p>\n\n\n\n<p class=\"has-text-align-center has-medium-font-size\"><strong>Beweisfotos aus dem Giftschrank:<\/strong><\/p>\n\n\n\nngg_shortcode_0_placeholder\n","protected":false},"excerpt":{"rendered":"<p>So hei\u00dft nicht nur der Titel, den einige Gr\u00fcndungsmitglieder im Studio von Dabbelju Music aufgenommen haben. Das Lied wurde uns von Wolfgang L\u00f6hr auf den Leib geschrieben und auch von ihm produziert. Seit dem ist es auch das Motto unserer KG \u201cMir sin dobei wenn de k\u00f6lsche Musik spillt.\u201c Zu unserem 11. Jubil\u00e4um wurde der &hellip; <\/p>\n<p class=\"link-more\"><a href=\"https:\/\/kg-schleppschlepphurra.de\/?page_id=4318\" class=\"more-link\"><span class=\"screen-reader-text\">\u201eMir sin dobei\u201c<\/span> weiterlesen<\/a><\/p>\n","protected":false},"author":6,"featured_media":0,"parent":0,"menu_order":0,"comment_status":"closed","ping_status":"closed","template":"","meta":{"ngg_post_thumbnail":0,"footnotes":""},"class_list":["post-4318","page","type-page","status-publish","hentry"],"_links":{"self":[{"href":"https:\/\/kg-schleppschlepphurra.de\/index.php?rest_route=\/wp\/v2\/pages\/4318","targetHints":{"allow":["GET"]}}],"collection":[{"href":"https:\/\/kg-schleppschlepphurra.de\/index.php?rest_route=\/wp\/v2\/pages"}],"about":[{"href":"https:\/\/kg-schleppschlepphurra.de\/index.php?rest_route=\/wp\/v2\/types\/page"}],"author":[{"embeddable":true,"href":"https:\/\/kg-schleppschlepphurra.de\/index.php?rest_route=\/wp\/v2\/users\/6"}],"replies":[{"embeddable":true,"href":"https:\/\/kg-schleppschlepphurra.de\/index.php?rest_route=%2Fwp%2Fv2%2Fcomments&post=4318"}],"version-history":[{"count":16,"href":"https:\/\/kg-schleppschlepphurra.de\/index.php?rest_route=\/wp\/v2\/pages\/4318\/revisions"}],"predecessor-version":[{"id":5616,"href":"https:\/\/kg-schleppschlepphurra.de\/index.php?rest_route=\/wp\/v2\/pages\/4318\/revisions\/5616"}],"wp:attachment":[{"href":"https:\/\/kg-schleppschlepphurra.de\/index.php?rest_route=%2Fwp%2Fv2%2Fmedia&parent=4318"}],"curies":[{"name":"wp","href":"https:\/\/api.w.org\/{rel}","templated":true}]}}