{"id":4321,"date":"2023-01-09T11:54:09","date_gmt":"2023-01-09T10:54:09","guid":{"rendered":"https:\/\/www.kg-schleppschlepphurra.koeln\/?page_id=4321"},"modified":"2023-03-28T11:23:15","modified_gmt":"2023-03-28T10:23:15","slug":"durch-de-lueck","status":"publish","type":"page","link":"https:\/\/kg-schleppschlepphurra.de\/?page_id=4321","title":{"rendered":"Durch de L\u00fcck"},"content":{"rendered":"\n<p>Kurz nach Gr\u00fcndung der KG hat unsere Ehrenkapelle <a rel=\"noreferrer noopener\" href=\"https:\/\/www.miljoe-musik.de\/\" target=\"_blank\"><mark style=\"background-color:rgba(0, 0, 0, 0)\" class=\"has-inline-color has-vivid-red-color\"><strong>Milj\u00f6<\/strong><\/mark><\/a> den \u201cSchlepper-Marsch\u201c geschrieben. Er beschreibt genau welche Hindernisse den Schleppern begegnen, bis eine Band auftreten kann. Wir danken sehr herzlich f\u00fcr dieses einmalige Meisterwerk. Das Lied ist auf allen g\u00e4ngingen Portalen erh\u00e4ltlich.<\/p>\n\n\n\n<p>Warum haben Milj\u00f6 diesen Song geschrieben? Hier ist ihre Antwort:<\/p>\n\n\n\n<p><mark style=\"background-color:rgba(0, 0, 0, 0)\" class=\"has-inline-color has-vivid-red-color\"><strong>\u201e<em>Die K\u00fcnstler dieser Stadt &#8211; sie werden gefeiert, stehen im Rampenlicht,\u00a0geben Autogramme.<\/em><br \/><em><br \/>Doch darf man nie vergessen, dass all dies erst m\u00f6glich ist, weil es immer auch ein Team gibt, das hinterm Vorhang unerm\u00fcdlich arbeitet: Es wird gefahren, geschleppt, organisiert, verkabelt, der Ton eingestellt und manchmal auch getr\u00f6stet. Die wahren MacherInnen sind die Roadies und TechnikerInnen, denn: Ohne Crew kein Ton.<\/em><br \/><em><br \/>Genau diesen Menschen wollen wir mit dem Titel &#8222;Durch de L\u00fcck un durch Jew\u00f6hl&#8220;<br \/>den n\u00f6tigen Tribut zollen. Sozusagen eine eigene Hymne f\u00fcr diejenigen, die diese Stadt<br \/>erst zum Klingen bringen. Der gemeinsame Weg f\u00fchrt sie oft genug &#8222;durch d\u00e4 Himmel&#8220;,<br \/>aber eben manchmal auch &#8222;durch die H\u00f6ll&#8220;. Gemeinsam ist der Weg auf jeden Fall sch\u00f6ner.<\/em>\u201c<\/strong><\/mark><\/p>\n\n\n\n<p>Vielen Dank liebe Milj\u00f6!<\/p>\n\n\n\n<div class=\"wp-block-buttons is-content-justification-center is-layout-flex wp-container-core-buttons-is-layout-16018d1d wp-block-buttons-is-layout-flex\">\n<div class=\"wp-block-button has-custom-width wp-block-button__width-50\"><a class=\"wp-block-button__link has-white-color has-vivid-red-background-color has-text-color has-background\" href=\"https:\/\/open.spotify.com\/track\/3pimQXlygO0GGLUFfnnR6h?si=4kcaXQelTiGXLYvEB6VuhQ\" target=\"_blank\" rel=\"noreferrer noopener\">\u201eDurch de L\u00fcck\u201c auf Spotify<\/a><\/div>\n<\/div>\n\n\n\n<div class=\"wp-block-buttons is-content-justification-center is-layout-flex wp-container-core-buttons-is-layout-16018d1d wp-block-buttons-is-layout-flex\">\n<div class=\"wp-block-button has-custom-width wp-block-button__width-50\"><a class=\"wp-block-button__link has-white-color has-vivid-red-background-color has-text-color has-background\" href=\"https:\/\/www.kg-schleppschlepphurra.koeln\/liedtext-durch-de-luck\/\" target=\"_blank\" rel=\"noreferrer noopener\">Hier gehts zum Liedtext!<\/a><\/div>\n<\/div>\n","protected":false},"excerpt":{"rendered":"<p>Kurz nach Gr\u00fcndung der KG hat unsere Ehrenkapelle Milj\u00f6 den \u201cSchlepper-Marsch\u201c geschrieben. Er beschreibt genau welche Hindernisse den Schleppern begegnen, bis eine Band auftreten kann. Wir danken sehr herzlich f\u00fcr dieses einmalige Meisterwerk. Das Lied ist auf allen g\u00e4ngingen Portalen erh\u00e4ltlich. Warum haben Milj\u00f6 diesen Song geschrieben? Hier ist ihre Antwort: \u201eDie K\u00fcnstler dieser Stadt &hellip; <\/p>\n<p class=\"link-more\"><a href=\"https:\/\/kg-schleppschlepphurra.de\/?page_id=4321\" class=\"more-link\"><span class=\"screen-reader-text\">\u201eDurch de L\u00fcck\u201c<\/span> weiterlesen<\/a><\/p>\n","protected":false},"author":6,"featured_media":0,"parent":0,"menu_order":0,"comment_status":"closed","ping_status":"closed","template":"","meta":{"ngg_post_thumbnail":0,"footnotes":""},"class_list":["post-4321","page","type-page","status-publish","hentry"],"_links":{"self":[{"href":"https:\/\/kg-schleppschlepphurra.de\/index.php?rest_route=\/wp\/v2\/pages\/4321","targetHints":{"allow":["GET"]}}],"collection":[{"href":"https:\/\/kg-schleppschlepphurra.de\/index.php?rest_route=\/wp\/v2\/pages"}],"about":[{"href":"https:\/\/kg-schleppschlepphurra.de\/index.php?rest_route=\/wp\/v2\/types\/page"}],"author":[{"embeddable":true,"href":"https:\/\/kg-schleppschlepphurra.de\/index.php?rest_route=\/wp\/v2\/users\/6"}],"replies":[{"embeddable":true,"href":"https:\/\/kg-schleppschlepphurra.de\/index.php?rest_route=%2Fwp%2Fv2%2Fcomments&post=4321"}],"version-history":[{"count":6,"href":"https:\/\/kg-schleppschlepphurra.de\/index.php?rest_route=\/wp\/v2\/pages\/4321\/revisions"}],"predecessor-version":[{"id":4373,"href":"https:\/\/kg-schleppschlepphurra.de\/index.php?rest_route=\/wp\/v2\/pages\/4321\/revisions\/4373"}],"wp:attachment":[{"href":"https:\/\/kg-schleppschlepphurra.de\/index.php?rest_route=%2Fwp%2Fv2%2Fmedia&parent=4321"}],"curies":[{"name":"wp","href":"https:\/\/api.w.org\/{rel}","templated":true}]}}