{"id":436,"date":"2014-10-16T17:13:08","date_gmt":"2014-10-16T17:13:08","guid":{"rendered":"http:\/\/localhost:8888\/wordpress\/?page_id=436"},"modified":"2025-07-19T18:25:37","modified_gmt":"2025-07-19T17:25:37","slug":"willkommen","status":"publish","type":"page","link":"https:\/\/kg-schleppschlepphurra.de\/","title":{"rendered":"Wellkumme"},"content":{"rendered":"\n<h2 class=\"wp-block-heading\"><span style=\"color: #000000;\"><strong>Karneval e Jef\u00f6hl dat verbingk \u2026<\/strong><\/span><\/h2>\n\n\n\n<figure class=\"wp-block-image size-large is-style-default\"><img loading=\"lazy\" decoding=\"async\" width=\"1024\" height=\"1024\" src=\"https:\/\/kg-schleppschlepphurra.de\/wp-content\/uploads\/2012\/11\/A1A00124-ARW_DxO_DeepPRIME-Bearbeitet-Kopie-1024x1024.jpg\" alt=\"\" class=\"wp-image-4256\" srcset=\"https:\/\/kg-schleppschlepphurra.de\/wp-content\/uploads\/2012\/11\/A1A00124-ARW_DxO_DeepPRIME-Bearbeitet-Kopie-1024x1024.jpg 1024w, https:\/\/kg-schleppschlepphurra.de\/wp-content\/uploads\/2012\/11\/A1A00124-ARW_DxO_DeepPRIME-Bearbeitet-Kopie-800x800.jpg 800w, https:\/\/kg-schleppschlepphurra.de\/wp-content\/uploads\/2012\/11\/A1A00124-ARW_DxO_DeepPRIME-Bearbeitet-Kopie-150x150.jpg 150w, https:\/\/kg-schleppschlepphurra.de\/wp-content\/uploads\/2012\/11\/A1A00124-ARW_DxO_DeepPRIME-Bearbeitet-Kopie-1536x1536.jpg 1536w, https:\/\/kg-schleppschlepphurra.de\/wp-content\/uploads\/2012\/11\/A1A00124-ARW_DxO_DeepPRIME-Bearbeitet-Kopie-2048x2048.jpg 2048w, https:\/\/kg-schleppschlepphurra.de\/wp-content\/uploads\/2012\/11\/A1A00124-ARW_DxO_DeepPRIME-Bearbeitet-Kopie-50x50.jpg 50w, https:\/\/kg-schleppschlepphurra.de\/wp-content\/uploads\/2012\/11\/A1A00124-ARW_DxO_DeepPRIME-Bearbeitet-Kopie-100x100.jpg 100w\" sizes=\"auto, (max-width: 767px) 89vw, (max-width: 1000px) 54vw, (max-width: 1071px) 543px, 580px\" \/><\/figure>\n\n\n\n<p class=\"has-text-align-left\">Hier erfahrt ihr alles \u00fcber die K\u00f6lner<\/p>\n\n\n\n<p><em><strong><span style=\"color: #b58629;\">Karnevalsgesellschaft Schlepp Schlepp Hurra e.V.<br \/><\/span><\/strong><\/em><br \/>Die Karnevalsgesellschaft der Roadies, Techniker und Fahrer im K\u00f6lner Karneval.<\/p>\n\n\n\n<p class=\"has-text-align-left\">Diese setzt sich aus Crewmitgliedern vieler namhafter Karnevalsgruppen und Rednern so wie Anh\u00e4ngern und Freunden des K\u00f6lner Karnevals zusammen.<br \/><br \/>Aber auch Freunde, Bekannte und Verwandte die Spa\u00df am K\u00f6lner Karneval und unseren gemeinn\u00fctzigen Projekten haben, haben den Weg zu uns gefunden.<\/p>\n","protected":false},"excerpt":{"rendered":"<p>Karneval e Jef\u00f6hl dat verbingk \u2026 Hier erfahrt ihr alles \u00fcber die K\u00f6lner Karnevalsgesellschaft Schlepp Schlepp Hurra e.V.Die Karnevalsgesellschaft der Roadies, Techniker und Fahrer im K\u00f6lner Karneval. Diese setzt sich aus Crewmitgliedern vieler namhafter Karnevalsgruppen und Rednern so wie Anh\u00e4ngern und Freunden des K\u00f6lner Karnevals zusammen. Aber auch Freunde, Bekannte und Verwandte die Spa\u00df am &hellip; <\/p>\n<p class=\"link-more\"><a href=\"https:\/\/kg-schleppschlepphurra.de\/\" class=\"more-link\"><span class=\"screen-reader-text\">\u201eWellkumme\u201c<\/span> weiterlesen<\/a><\/p>\n","protected":false},"author":6,"featured_media":0,"parent":0,"menu_order":5,"comment_status":"closed","ping_status":"closed","template":"","meta":{"ngg_post_thumbnail":0,"footnotes":""},"class_list":["post-436","page","type-page","status-publish","hentry"],"_links":{"self":[{"href":"https:\/\/kg-schleppschlepphurra.de\/index.php?rest_route=\/wp\/v2\/pages\/436","targetHints":{"allow":["GET"]}}],"collection":[{"href":"https:\/\/kg-schleppschlepphurra.de\/index.php?rest_route=\/wp\/v2\/pages"}],"about":[{"href":"https:\/\/kg-schleppschlepphurra.de\/index.php?rest_route=\/wp\/v2\/types\/page"}],"author":[{"embeddable":true,"href":"https:\/\/kg-schleppschlepphurra.de\/index.php?rest_route=\/wp\/v2\/users\/6"}],"replies":[{"embeddable":true,"href":"https:\/\/kg-schleppschlepphurra.de\/index.php?rest_route=%2Fwp%2Fv2%2Fcomments&post=436"}],"version-history":[{"count":251,"href":"https:\/\/kg-schleppschlepphurra.de\/index.php?rest_route=\/wp\/v2\/pages\/436\/revisions"}],"predecessor-version":[{"id":5530,"href":"https:\/\/kg-schleppschlepphurra.de\/index.php?rest_route=\/wp\/v2\/pages\/436\/revisions\/5530"}],"wp:attachment":[{"href":"https:\/\/kg-schleppschlepphurra.de\/index.php?rest_route=%2Fwp%2Fv2%2Fmedia&parent=436"}],"curies":[{"name":"wp","href":"https:\/\/api.w.org\/{rel}","templated":true}]}}