{"id":4360,"date":"2023-03-11T19:05:55","date_gmt":"2023-03-11T18:05:55","guid":{"rendered":"https:\/\/www.kg-schleppschlepphurra.koeln\/?page_id=4360"},"modified":"2026-02-15T20:57:02","modified_gmt":"2026-02-15T19:57:02","slug":"vielen-dank-an-unsere-spender-bei-der-mondachs-han-mer-frei-am-29-01-2024","status":"publish","type":"page","link":"https:\/\/kg-schleppschlepphurra.de\/?page_id=4360","title":{"rendered":"Vielen Dank an unsere Spender bei der \u201cMondachs han mer frei\u201c am 02.02.2026"},"content":{"rendered":"\n<p><\/p>\n\n\n\n<p class=\"has-text-align-center\"><\/p>\n\n\n\n<p class=\"has-text-align-center\"><strong><a href=\"https:\/\/www.loestige-paulaner.de\/\" target=\"_blank\" rel=\"noreferrer noopener\"><mark style=\"background-color:rgba(0, 0, 0, 0)\" class=\"has-inline-color has-vivid-red-color\">KKG L\u00f6stige Paulaner von 1949 e.V.<\/mark><\/a><\/strong> f\u00fcr 333,33 \u20ac<\/p>\n\n\n\n<p class=\"has-text-align-center\"><a href=\"https:\/\/kgburgwaechter.de\/\" target=\"_blank\" rel=\"noreferrer noopener\"><strong><mark style=\"background-color:rgba(0, 0, 0, 0)\" class=\"has-inline-color has-vivid-red-color\">KG Die Burgw\u00e4chter<\/mark><\/strong><\/a> &amp; <a href=\"https:\/\/www.echt-koelsch-haetz.de\/\" target=\"_blank\" rel=\"noreferrer noopener\"><strong><mark style=\"background-color:rgba(0, 0, 0, 0)\" class=\"has-inline-color has-vivid-red-color\">Tanzcorps Echt K\u00f6lsch H\u00e4tz<\/mark><\/strong><\/a> f\u00fcr 166,11 \u20ac<\/p>\n\n\n\n<p class=\"has-text-align-center\"><a href=\"https:\/\/drueggepitter.de\/\" target=\"_blank\" rel=\"noreferrer noopener\"><mark style=\"background-color:rgba(0, 0, 0, 0)\" class=\"has-inline-color has-vivid-red-color\"><strong>KG Dr\u00fcgge Pitter<\/strong><\/mark><\/a> &amp; Friends f\u00fcr 166,- \u20ac<\/p>\n\n\n\n<p class=\"has-text-align-center\"><a href=\"https:\/\/www.impiger.de\/\" target=\"_blank\" rel=\"noreferrer noopener\"><mark style=\"background-color:rgba(0, 0, 0, 0)\" class=\"has-inline-color has-vivid-red-color\"><strong>IMPIGER b. S. UG<\/strong><\/mark><\/a> f\u00fcr 111,11 \u20ac<\/p>\n\n\n\n<p class=\"has-text-align-center\"><a href=\"https:\/\/de-paenz-us-dem-ahle-koelle.de\/\" target=\"_blank\" rel=\"noreferrer noopener\"><strong><mark style=\"background-color:rgba(0, 0, 0, 0)\" class=\"has-inline-color has-vivid-red-color\">De P\u00e4nz us dem ahle K\u00f6lle e.V.<\/mark><\/strong><\/a> f\u00fcr 120,- \u20ac<\/p>\n\n\n\n<p class=\"has-text-align-center\"><a href=\"http:\/\/www.blomekoerfge.de\/\" target=\"_blank\" rel=\"noreferrer noopener\"><mark style=\"background-color:rgba(0, 0, 0, 0)\" class=\"has-inline-color has-vivid-red-color\"><strong>KKG Blomek\u00f6rfge 1867 e.V<\/strong><\/mark><\/a><mark style=\"background-color:rgba(0, 0, 0, 0)\" class=\"has-inline-color has-vivid-red-color\"><a href=\"http:\/\/www.blomekoerfge.de\/\" target=\"_blank\" rel=\"noreferrer noopener\"><strong>.<\/strong><\/a><\/mark> f\u00fcr 300,- \u20ac<\/p>\n\n\n\n<p>Teile der Domst\u00fcrmer (Crew und Band) + Henning von Fiasko f\u00fcr 111,- \u20ac<\/p>\n\n\n\n<p class=\"has-text-align-center\">Sabine und Josef Ley f\u00fcr 75,- \u20ac<\/p>\n\n\n<div class=\"wp-block-image is-style-default\">\n<figure class=\"aligncenter size-full\"><img loading=\"lazy\" decoding=\"async\" width=\"100\" height=\"76\" src=\"https:\/\/kg-schleppschlepphurra.de\/wp-content\/uploads\/2019\/10\/D1A5ECF7-642B-4A5D-85F6-AB33AF578766-e1572517074317.jpeg\" alt=\"\" class=\"wp-image-3094\"\/><\/figure>\n<\/div>\n\n\n<p class=\"has-text-align-center\">Euch Allen unsern allerherzlichsten Dank!<\/p>\n\n\n\n<p><\/p>\n","protected":false},"excerpt":{"rendered":"<p>KKG L\u00f6stige Paulaner von 1949 e.V. f\u00fcr 333,33 \u20ac KG Die Burgw\u00e4chter &amp; Tanzcorps Echt K\u00f6lsch H\u00e4tz f\u00fcr 166,11 \u20ac KG Dr\u00fcgge Pitter &amp; Friends f\u00fcr 166,- \u20ac IMPIGER b. S. UG f\u00fcr 111,11 \u20ac De P\u00e4nz us dem ahle K\u00f6lle e.V. f\u00fcr 120,- \u20ac KKG Blomek\u00f6rfge 1867 e.V. f\u00fcr 300,- \u20ac Teile der Domst\u00fcrmer &hellip; <\/p>\n<p class=\"link-more\"><a href=\"https:\/\/kg-schleppschlepphurra.de\/?page_id=4360\" class=\"more-link\"><span class=\"screen-reader-text\">\u201eVielen Dank an unsere Spender bei der \u201cMondachs han mer frei\u201c am 02.02.2026\u201c<\/span> weiterlesen<\/a><\/p>\n","protected":false},"author":6,"featured_media":0,"parent":0,"menu_order":0,"comment_status":"closed","ping_status":"closed","template":"","meta":{"ngg_post_thumbnail":0,"footnotes":""},"class_list":["post-4360","page","type-page","status-publish","hentry"],"_links":{"self":[{"href":"https:\/\/kg-schleppschlepphurra.de\/index.php?rest_route=\/wp\/v2\/pages\/4360","targetHints":{"allow":["GET"]}}],"collection":[{"href":"https:\/\/kg-schleppschlepphurra.de\/index.php?rest_route=\/wp\/v2\/pages"}],"about":[{"href":"https:\/\/kg-schleppschlepphurra.de\/index.php?rest_route=\/wp\/v2\/types\/page"}],"author":[{"embeddable":true,"href":"https:\/\/kg-schleppschlepphurra.de\/index.php?rest_route=\/wp\/v2\/users\/6"}],"replies":[{"embeddable":true,"href":"https:\/\/kg-schleppschlepphurra.de\/index.php?rest_route=%2Fwp%2Fv2%2Fcomments&post=4360"}],"version-history":[{"count":21,"href":"https:\/\/kg-schleppschlepphurra.de\/index.php?rest_route=\/wp\/v2\/pages\/4360\/revisions"}],"predecessor-version":[{"id":5716,"href":"https:\/\/kg-schleppschlepphurra.de\/index.php?rest_route=\/wp\/v2\/pages\/4360\/revisions\/5716"}],"wp:attachment":[{"href":"https:\/\/kg-schleppschlepphurra.de\/index.php?rest_route=%2Fwp%2Fv2%2Fmedia&parent=4360"}],"curies":[{"name":"wp","href":"https:\/\/api.w.org\/{rel}","templated":true}]}}