{"id":502,"date":"2014-10-16T21:02:18","date_gmt":"2014-10-16T21:02:18","guid":{"rendered":"http:\/\/localhost:8888\/wordpress\/?page_id=502"},"modified":"2025-12-12T22:01:13","modified_gmt":"2025-12-12T21:01:13","slug":"mitglied-werden","status":"publish","type":"page","link":"https:\/\/kg-schleppschlepphurra.de\/?page_id=502","title":{"rendered":"Metgleed weede"},"content":{"rendered":"\n<h3 class=\"wp-block-heading\"><\/h3>\n\n\n\n<p>Hier kannst Du bei der Karnevalsgesellschaft &#8222;Schlepp Schlepp Hurra e.V.&#8220; Mitglied werden.<\/p>\n\n\n\n<p>So einfach geht das:<\/p>\n\n\n\n<p>Es gibt mehrere M\u00f6glichkeiten.<\/p>\n\n\n\n<ol class=\"wp-block-list\">\n<li><strong>aktives Mitglied<\/strong> (Stimmrecht bei der Jahreshauptversammlung): 60,00 \u20ac  Beitrag<\/li>\n\n\n\n<li><strong>F\u00f6rdermitglied<\/strong> (kein Stimmrecht bei der Jahreshauptversammlung): Beitragsbetrag ist frei w\u00e4hlbar, mindestens aber 80,00 \u20ac<\/li>\n\n\n\n<li><strong>K\u00fcnstlermitgliedschaft<\/strong> (eine Stimme bei der Jahreshauptversammlung): 60,00 \u20ac Beitrag<\/li>\n<\/ol>\n\n\n\n<div class=\"wp-block-buttons is-content-justification-center is-layout-flex wp-container-core-buttons-is-layout-16018d1d wp-block-buttons-is-layout-flex\">\n<div class=\"wp-block-button\"><a class=\"wp-block-button__link wp-element-button\" href=\"https:\/\/kg-schleppschlepphurra.de\/wp-content\/uploads\/2012\/11\/Mitgliederantrag-ab-05.05.2023-Hompageversion.docx\" target=\"_blank\" rel=\"noreferrer noopener\">Mitgliedsantrag hier runterladen <\/a><\/div>\n<\/div>\n\n\n\n<p><\/p>\n\n\n\n<p class=\"has-black-color has-text-color has-link-color wp-elements-9ac00cf961d1ea846fe5a532228b76c6\"><\/p>\n\n\n\n<p class=\"has-black-color has-text-color has-link-color wp-elements-a0bd27f72410e58b97f9e87520cb1a9e\">Dann ausf\u00fcllen, unterschreiben und per Mail an <a href=\"Mailto:info@kg-schleppschlepphurra.de\" target=\"_blank\" rel=\"noreferrer noopener\">info(at)kg-schleppschlepphurra.de<\/a> zur\u00fcck senden<\/p>\n\n\n\n<p class=\"has-black-color has-text-color has-link-color wp-elements-07aef2facdf1bd532e8b31e427acd43a\">Oder ausdrucken und auf dem Postweg an die Gesch\u00e4ftsstelle der KG:<\/p>\n\n\n\n<p><strong>KG Schlepp Schlepp Hurra eV.<br \/><\/strong>&#8211; Gesch\u00e4ftsstelle &#8211;<br \/>c\/o Ley<br \/>Severinstra\u00dfe 144<br \/>50678 K\u00f6ln<\/p>\n\n\n\n<div class=\"wp-block-buttons is-content-justification-center is-layout-flex wp-container-core-buttons-is-layout-16018d1d wp-block-buttons-is-layout-flex\">\n<div class=\"wp-block-button aligncenter\"><a class=\"wp-block-button__link wp-element-button\" href=\"https:\/\/kg-schleppschlepphurra.de\/wp-content\/uploads\/2012\/11\/KGSSH-Satzung-vom-29.04.2019.pdf\" target=\"_blank\" rel=\"noreferrer noopener\">Unsere Satzung<\/a><\/div>\n<\/div>\n\n\n\n<p><\/p>\n\n\n<div class=\"wp-block-image\">\n<figure class=\"aligncenter size-full\"><img loading=\"lazy\" decoding=\"async\" width=\"100\" height=\"76\" src=\"https:\/\/kg-schleppschlepphurra.de\/wp-content\/uploads\/2019\/10\/D1A5ECF7-642B-4A5D-85F6-AB33AF578766-e1572517074317.jpeg\" alt=\"\" class=\"wp-image-3094\"\/><\/figure>\n<\/div>\n\n\n<p><\/p>\n","protected":false},"excerpt":{"rendered":"<p>Hier kannst Du bei der Karnevalsgesellschaft &#8222;Schlepp Schlepp Hurra e.V.&#8220; Mitglied werden. So einfach geht das: Es gibt mehrere M\u00f6glichkeiten. Dann ausf\u00fcllen, unterschreiben und per Mail an info(at)kg-schleppschlepphurra.de zur\u00fcck senden Oder ausdrucken und auf dem Postweg an die Gesch\u00e4ftsstelle der KG: KG Schlepp Schlepp Hurra eV.&#8211; Gesch\u00e4ftsstelle &#8211;c\/o LeySeverinstra\u00dfe 14450678 K\u00f6ln<\/p>\n","protected":false},"author":6,"featured_media":0,"parent":0,"menu_order":4,"comment_status":"closed","ping_status":"closed","template":"","meta":{"ngg_post_thumbnail":0,"footnotes":""},"class_list":["post-502","page","type-page","status-publish","hentry"],"_links":{"self":[{"href":"https:\/\/kg-schleppschlepphurra.de\/index.php?rest_route=\/wp\/v2\/pages\/502","targetHints":{"allow":["GET"]}}],"collection":[{"href":"https:\/\/kg-schleppschlepphurra.de\/index.php?rest_route=\/wp\/v2\/pages"}],"about":[{"href":"https:\/\/kg-schleppschlepphurra.de\/index.php?rest_route=\/wp\/v2\/types\/page"}],"author":[{"embeddable":true,"href":"https:\/\/kg-schleppschlepphurra.de\/index.php?rest_route=\/wp\/v2\/users\/6"}],"replies":[{"embeddable":true,"href":"https:\/\/kg-schleppschlepphurra.de\/index.php?rest_route=%2Fwp%2Fv2%2Fcomments&post=502"}],"version-history":[{"count":63,"href":"https:\/\/kg-schleppschlepphurra.de\/index.php?rest_route=\/wp\/v2\/pages\/502\/revisions"}],"predecessor-version":[{"id":5659,"href":"https:\/\/kg-schleppschlepphurra.de\/index.php?rest_route=\/wp\/v2\/pages\/502\/revisions\/5659"}],"wp:attachment":[{"href":"https:\/\/kg-schleppschlepphurra.de\/index.php?rest_route=%2Fwp%2Fv2%2Fmedia&parent=502"}],"curies":[{"name":"wp","href":"https:\/\/api.w.org\/{rel}","templated":true}]}}