{"id":5617,"date":"2025-07-26T14:41:04","date_gmt":"2025-07-26T13:41:04","guid":{"rendered":"https:\/\/kg-schleppschlepphurra.de\/?page_id=5617"},"modified":"2025-07-26T14:52:30","modified_gmt":"2025-07-26T13:52:30","slug":"kg-schlepp-schlepp-hurra-woroem-dat","status":"publish","type":"page","link":"https:\/\/kg-schleppschlepphurra.de\/?page_id=5617","title":{"rendered":"KG Schlepp Schlepp Hurra? Wor\u00f6m dat?"},"content":{"rendered":"\n<p><strong>Die Gr\u00fcndungsgeschichte der KG Schlepp Schlepp Hurra e.V<\/strong>.<\/p>\n\n\n<div class=\"wp-block-image\">\n<figure class=\"aligncenter size-full\"><img loading=\"lazy\" decoding=\"async\" width=\"100\" height=\"76\" src=\"https:\/\/kg-schleppschlepphurra.de\/wp-content\/uploads\/2019\/10\/D1A5ECF7-642B-4A5D-85F6-AB33AF578766-e1572517074317.jpeg\" alt=\"\" class=\"wp-image-3094\"\/><\/figure>\n<\/div>\n\n\n<p>Im Januar 2012 dachten sich einige Techniker w\u00e4hrend der Hetzerei von Saal zu Saal, warum sollte man sich nicht au\u00dferhalb der Session an stre\u00dffreien Tagen, an denen man nicht nur die Zeit f\u00fcr \u201eHallo\u201c und \u201eTsch\u00fc\u00df\u201c hat, Sicht mit den Technikern, Roadies und Fahrern zu einem Stammtisch treffen. Da k\u00f6nnte man sich austauschen, Problematiken besprechen und Spa\u00df haben.<\/p>\n\n\n\n<p>Aus der Ursprungsidee \u201eStammtisch\u201c wurden dann aufgrund der Aktivit\u00e4ten in den sozialen Medien nach der Session 2011\/2012 eine erste inoffizielle Versammlung im <a href=\"https:\/\/stapelhauskoeln.de\/\" target=\"_blank\" rel=\"noreferrer noopener\"><mark style=\"background-color:rgba(0, 0, 0, 0)\" class=\"has-inline-color has-vivid-red-color\">Dom im Stapelhaus<\/mark><\/a>. Die 23 Roadies, Techniker und Fahrer machten dann auch schnell klar in welche Richtung es gehen sollte.<\/p>\n\n\n\n<p>Alle waren sich einig au\u00dferhalb der Session (in der Session hat man ja keine Zeit) eine Veranstaltung zu planen. Der Erl\u00f6s sollte komplett an Einrichtungen wie <a href=\"https:\/\/www.huae.de\/\" data-type=\"link\" data-id=\"https:\/\/www.huae.de\/\" target=\"_blank\" rel=\"noreferrer noopener\"><mark style=\"background-color:rgba(0, 0, 0, 0)\" class=\"has-inline-color has-vivid-red-color\"><strong>\u201eHimmel un \u00c4\u00e4d\u201c<\/strong><\/mark><\/a> zu Gute kommen. Was bei unserer \u201eMondachs han mer frei\u201c immer noch der Fall ist. Seit einiger Zeit unterst\u00fctzen wir auch zus\u00e4tzlich <a href=\"https:\/\/traube-koeln.de\/\" target=\"_blank\" rel=\"noreferrer noopener\"><mark style=\"background-color:rgba(0, 0, 0, 0)\" class=\"has-inline-color has-vivid-red-color\"><strong>\u201eTrauBe K\u00f6ln\u201c<\/strong>.<\/mark><\/a><\/p>\n\n\n\n<p>Auch ein Name war schnell gefunden. Hatten sich doch die Ideengeber die ganze Session mit einem fr\u00f6hlichen \u201eSchlepp Schlepp Hurra\u201c begr\u00fc\u00dft. Der Name gefiel den 23 Gr\u00fcndungsmitgliedern so gut, das man sich darauf einigte k\u00fcnftig den Gesellschaftsnamen <strong>\u201eKarnevalsgesellschaft Schlepp Schlepp Hurra vun 2012 e.V.\u201c<\/strong> im Vereinsregister einzutragen. Zugleich wurde dann auch der Vorstand gew\u00e4hlt, der alles \u201ein trockene T\u00fccher\u201c brachte.<\/p>\n\n\n<div class=\"wp-block-image\">\n<figure class=\"aligncenter size-large is-resized\"><img loading=\"lazy\" decoding=\"async\" width=\"449\" height=\"304\" src=\"https:\/\/kg-schleppschlepphurra.de\/wp-content\/uploads\/2014\/12\/029-449x304.jpg\" alt=\"\" class=\"wp-image-1154\" style=\"width:485px;height:auto\"\/><\/figure>\n<\/div>\n\n\n<p>Seit dem 15.03.2012 ist der K\u00f6lner Karneval um eine junge Karnevalsgesellschaft reicher, die viele Mitglieder voller Tatendrang aus dem aktiven \u201ehinger dr Britz\u201c-Karneval hat.<\/p>\n\n\n\n<p>Viel Gutes wurde und wird weiterhin getan, wobei der Spa\u00df dabei immer im Vordergrund steht.<\/p>\n\n\n<div class=\"wp-block-image\">\n<figure class=\"aligncenter size-full\"><img loading=\"lazy\" decoding=\"async\" width=\"100\" height=\"76\" src=\"https:\/\/kg-schleppschlepphurra.de\/wp-content\/uploads\/2019\/10\/D1A5ECF7-642B-4A5D-85F6-AB33AF578766-e1572517074317.jpeg\" alt=\"\" class=\"wp-image-3094\"\/><\/figure>\n<\/div>","protected":false},"excerpt":{"rendered":"<p>Die Gr\u00fcndungsgeschichte der KG Schlepp Schlepp Hurra e.V. Im Januar 2012 dachten sich einige Techniker w\u00e4hrend der Hetzerei von Saal zu Saal, warum sollte man sich nicht au\u00dferhalb der Session an stre\u00dffreien Tagen, an denen man nicht nur die Zeit f\u00fcr \u201eHallo\u201c und \u201eTsch\u00fc\u00df\u201c hat, Sicht mit den Technikern, Roadies und Fahrern zu einem Stammtisch &hellip; <\/p>\n<p class=\"link-more\"><a href=\"https:\/\/kg-schleppschlepphurra.de\/?page_id=5617\" class=\"more-link\"><span class=\"screen-reader-text\">\u201eKG Schlepp Schlepp Hurra? Wor\u00f6m dat?\u201c<\/span> weiterlesen<\/a><\/p>\n","protected":false},"author":6,"featured_media":0,"parent":0,"menu_order":0,"comment_status":"closed","ping_status":"closed","template":"","meta":{"ngg_post_thumbnail":0,"footnotes":""},"class_list":["post-5617","page","type-page","status-publish","hentry"],"_links":{"self":[{"href":"https:\/\/kg-schleppschlepphurra.de\/index.php?rest_route=\/wp\/v2\/pages\/5617","targetHints":{"allow":["GET"]}}],"collection":[{"href":"https:\/\/kg-schleppschlepphurra.de\/index.php?rest_route=\/wp\/v2\/pages"}],"about":[{"href":"https:\/\/kg-schleppschlepphurra.de\/index.php?rest_route=\/wp\/v2\/types\/page"}],"author":[{"embeddable":true,"href":"https:\/\/kg-schleppschlepphurra.de\/index.php?rest_route=\/wp\/v2\/users\/6"}],"replies":[{"embeddable":true,"href":"https:\/\/kg-schleppschlepphurra.de\/index.php?rest_route=%2Fwp%2Fv2%2Fcomments&post=5617"}],"version-history":[{"count":6,"href":"https:\/\/kg-schleppschlepphurra.de\/index.php?rest_route=\/wp\/v2\/pages\/5617\/revisions"}],"predecessor-version":[{"id":5624,"href":"https:\/\/kg-schleppschlepphurra.de\/index.php?rest_route=\/wp\/v2\/pages\/5617\/revisions\/5624"}],"wp:attachment":[{"href":"https:\/\/kg-schleppschlepphurra.de\/index.php?rest_route=%2Fwp%2Fv2%2Fmedia&parent=5617"}],"curies":[{"name":"wp","href":"https:\/\/api.w.org\/{rel}","templated":true}]}}