{"id":734,"date":"2014-12-27T15:36:42","date_gmt":"2014-12-27T15:36:42","guid":{"rendered":"http:\/\/kg-schleppschlepphurra.koeln\/?page_id=734"},"modified":"2022-03-27T10:16:25","modified_gmt":"2022-03-27T09:16:25","slug":"unser-ehrenmitglieder","status":"publish","type":"page","link":"https:\/\/kg-schleppschlepphurra.de\/?page_id=734","title":{"rendered":"Ihre-Metgleeder"},"content":{"rendered":"\n<p><\/p>\n\n\n\n<h2 class=\"wp-block-heading\"><strong>Lukas Wachten<\/strong><\/h2>\n\n\n\n<h5 class=\"wp-block-heading\"><img loading=\"lazy\" decoding=\"async\" class=\"wp-image-2949 alignleft\" src=\"https:\/\/www.kg-schleppschlepphurra.koeln\/wp-content\/uploads\/2014\/12\/419692_324957470956544_694792769_n-600x800.jpg\" alt=\"419692_324957470956544_694792769_n\" width=\"599\" height=\"799\" srcset=\"https:\/\/kg-schleppschlepphurra.de\/wp-content\/uploads\/2014\/12\/419692_324957470956544_694792769_n-600x800.jpg 600w, https:\/\/kg-schleppschlepphurra.de\/wp-content\/uploads\/2014\/12\/419692_324957470956544_694792769_n-370x493.jpg 370w, https:\/\/kg-schleppschlepphurra.de\/wp-content\/uploads\/2014\/12\/419692_324957470956544_694792769_n-38x50.jpg 38w, https:\/\/kg-schleppschlepphurra.de\/wp-content\/uploads\/2014\/12\/419692_324957470956544_694792769_n.jpg 720w\" sizes=\"auto, (max-width: 599px) 100vw, 599px\" \/><\/h5>\n\n\n\n<h2 class=\"wp-block-heading\"><a style=\"font-size: revert;\" href=\"http:\/\/www.lukaswachten.de\" target=\"_blank\" rel=\"noopener noreferrer\">www.lukaswachten.de<\/a><\/h2>\n\n\n\n<p>Als unser Moderator der ersten Stunde und Freund der KG haben wir ihn auf Lebenszeit als Sitzungspr\u00e4sident verpflichtet.<\/p>\n\n\n\n<div class=\"wp-block-image\"><figure class=\"aligncenter size-full is-resized\"><img loading=\"lazy\" decoding=\"async\" src=\"https:\/\/www.kg-schleppschlepphurra.koeln\/wp-content\/uploads\/2019\/10\/D1A5ECF7-642B-4A5D-85F6-AB33AF578766-e1572517074317.jpeg\" alt=\"\" class=\"wp-image-3094\" width=\"100\" height=\"76\"\/><\/figure><\/div>\n\n\n\n<p><strong>King Size Dick<\/strong><\/p>\n\n\n\n<p><img loading=\"lazy\" decoding=\"async\" width=\"600\" height=\"662\" class=\"aligncenter wp-image-2951\" src=\"https:\/\/www.kg-schleppschlepphurra.koeln\/wp-content\/uploads\/2014\/12\/king_size_dick_2010-726x800.jpg\" alt=\"king_size_dick_2010\" srcset=\"https:\/\/kg-schleppschlepphurra.de\/wp-content\/uploads\/2014\/12\/king_size_dick_2010-726x800.jpg 726w, https:\/\/kg-schleppschlepphurra.de\/wp-content\/uploads\/2014\/12\/king_size_dick_2010-930x1024.jpg 930w, https:\/\/kg-schleppschlepphurra.de\/wp-content\/uploads\/2014\/12\/king_size_dick_2010-370x408.jpg 370w, https:\/\/kg-schleppschlepphurra.de\/wp-content\/uploads\/2014\/12\/king_size_dick_2010-1040x1146.jpg 1040w, https:\/\/kg-schleppschlepphurra.de\/wp-content\/uploads\/2014\/12\/king_size_dick_2010-45x50.jpg 45w, https:\/\/kg-schleppschlepphurra.de\/wp-content\/uploads\/2014\/12\/king_size_dick_2010.jpg 1636w\" sizes=\"auto, (max-width: 600px) 100vw, 600px\" \/><\/p>\n\n\n\n<p class=\"has-text-align-left\"><a rel=\"noopener noreferrer\" href=\"http:\/\/www.kingsizedick.de\" target=\"_blank\">www.kingsizedick.de<\/a><\/p>\n\n\n\n<p>Als einer der ersten die als Fahrer im K\u00f6lner Karneval unterwegs waren, war es selbstverst\u00e4ndlich ihn zum Ehrenmitglied zu ernennen.<\/p>\n\n\n\n<div class=\"wp-block-image\"><figure class=\"aligncenter size-full is-resized\"><img loading=\"lazy\" decoding=\"async\" src=\"https:\/\/www.kg-schleppschlepphurra.koeln\/wp-content\/uploads\/2019\/10\/D1A5ECF7-642B-4A5D-85F6-AB33AF578766-e1572517074317.jpeg\" alt=\"\" class=\"wp-image-3094\" width=\"91\" height=\"69\"\/><\/figure><\/div>\n\n\n\n<p class=\"has-text-align-left\"><strong>Christoph Kuckelkorn<\/strong><\/p>\n\n\n\n<p>Pr\u00e4sident des Festkomitee K\u00f6lner Karneval<\/p>\n\n\n\n<div class=\"wp-block-image\"><figure class=\"alignleft\"><img loading=\"lazy\" decoding=\"async\" width=\"533\" height=\"800\" src=\"https:\/\/kg-schleppschlepphurra.koeln\/wp-content\/uploads\/2018\/02\/27173579_10214575564799105_7688271157116548324_o-533x800.jpg\" alt=\"\" class=\"wp-image-3053\" srcset=\"https:\/\/kg-schleppschlepphurra.de\/wp-content\/uploads\/2018\/02\/27173579_10214575564799105_7688271157116548324_o-533x800.jpg 533w, https:\/\/kg-schleppschlepphurra.de\/wp-content\/uploads\/2018\/02\/27173579_10214575564799105_7688271157116548324_o-683x1024.jpg 683w, https:\/\/kg-schleppschlepphurra.de\/wp-content\/uploads\/2018\/02\/27173579_10214575564799105_7688271157116548324_o-370x555.jpg 370w, https:\/\/kg-schleppschlepphurra.de\/wp-content\/uploads\/2018\/02\/27173579_10214575564799105_7688271157116548324_o.jpg 864w\" sizes=\"auto, (max-width: 533px) 100vw, 533px\" \/><\/figure><\/div>\n\n\n\n<h2 class=\"wp-block-heading\"><\/h2>\n\n\n\n<p>Nach seinem eint\u00e4gigen Einsatz als Roadie in der Brings Crew haben wir ihn am 29.1.2018 zum Ehrenroadie ernannt. Herzlich Willkommen in der Familie.<\/p>\n\n\n\n<p class=\"has-text-align-center\">&nbsp;<\/p>\n\n\n\n<div class=\"wp-block-image\"><figure class=\"aligncenter size-full\"><img loading=\"lazy\" decoding=\"async\" width=\"100\" height=\"76\" src=\"https:\/\/www.kg-schleppschlepphurra.koeln\/wp-content\/uploads\/2019\/10\/D1A5ECF7-642B-4A5D-85F6-AB33AF578766-e1572517074317.jpeg\" alt=\"\" class=\"wp-image-3094\"\/><\/figure><\/div>\n","protected":false},"excerpt":{"rendered":"<p>Lukas Wachten www.lukaswachten.de Als unser Moderator der ersten Stunde und Freund der KG haben wir ihn auf Lebenszeit als Sitzungspr\u00e4sident verpflichtet. King Size Dick www.kingsizedick.de Als einer der ersten die als Fahrer im K\u00f6lner Karneval unterwegs waren, war es selbstverst\u00e4ndlich ihn zum Ehrenmitglied zu ernennen. Christoph Kuckelkorn Pr\u00e4sident des Festkomitee K\u00f6lner Karneval Nach seinem eint\u00e4gigen &hellip; <\/p>\n<p class=\"link-more\"><a href=\"https:\/\/kg-schleppschlepphurra.de\/?page_id=734\" class=\"more-link\"><span class=\"screen-reader-text\">\u201eIhre-Metgleeder\u201c<\/span> weiterlesen<\/a><\/p>\n","protected":false},"author":6,"featured_media":0,"parent":0,"menu_order":0,"comment_status":"closed","ping_status":"closed","template":"","meta":{"ngg_post_thumbnail":0,"footnotes":""},"class_list":["post-734","page","type-page","status-publish","hentry"],"_links":{"self":[{"href":"https:\/\/kg-schleppschlepphurra.de\/index.php?rest_route=\/wp\/v2\/pages\/734","targetHints":{"allow":["GET"]}}],"collection":[{"href":"https:\/\/kg-schleppschlepphurra.de\/index.php?rest_route=\/wp\/v2\/pages"}],"about":[{"href":"https:\/\/kg-schleppschlepphurra.de\/index.php?rest_route=\/wp\/v2\/types\/page"}],"author":[{"embeddable":true,"href":"https:\/\/kg-schleppschlepphurra.de\/index.php?rest_route=\/wp\/v2\/users\/6"}],"replies":[{"embeddable":true,"href":"https:\/\/kg-schleppschlepphurra.de\/index.php?rest_route=%2Fwp%2Fv2%2Fcomments&post=734"}],"version-history":[{"count":63,"href":"https:\/\/kg-schleppschlepphurra.de\/index.php?rest_route=\/wp\/v2\/pages\/734\/revisions"}],"predecessor-version":[{"id":5514,"href":"https:\/\/kg-schleppschlepphurra.de\/index.php?rest_route=\/wp\/v2\/pages\/734\/revisions\/5514"}],"wp:attachment":[{"href":"https:\/\/kg-schleppschlepphurra.de\/index.php?rest_route=%2Fwp%2Fv2%2Fmedia&parent=734"}],"curies":[{"name":"wp","href":"https:\/\/api.w.org\/{rel}","templated":true}]}}